{"id":6361,"date":"2020-05-09T16:38:02","date_gmt":"2020-05-09T14:38:02","guid":{"rendered":"https:\/\/lacuruxa.org\/?page_id=6361"},"modified":"2021-02-12T21:23:45","modified_gmt":"2021-02-12T20:23:45","slug":"las-rutas-de-2004","status":"publish","type":"page","link":"https:\/\/lacuruxa.org\/index.php\/las-rutas-de-2004\/","title":{"rendered":"Las rutas de 2004"},"content":{"rendered":"\n<div class=\"wp-block-image\"><figure class=\"aligncenter size-full is-resized\"><img loading=\"lazy\" decoding=\"async\" src=\"https:\/\/lacuruxa.org\/wp-content\/uploads\/2018\/01\/20040101-lacuruxa-portada-libro.jpg\" alt=\"\" class=\"wp-image-4835\" width=\"539\" height=\"768\" srcset=\"https:\/\/lacuruxa.org\/wp-content\/uploads\/2018\/01\/20040101-lacuruxa-portada-libro.jpg 718w, https:\/\/lacuruxa.org\/wp-content\/uploads\/2018\/01\/20040101-lacuruxa-portada-libro-210x300.jpg 210w\" sizes=\"auto, (max-width: 539px) 100vw, 539px\" \/><\/figure><\/div>\n\n\n<ul class=\"wp-block-latest-posts__list is-grid columns-3 has-dates wp-block-latest-posts\"><li><a class=\"wp-block-latest-posts__post-title\" href=\"https:\/\/lacuruxa.org\/index.php\/2004\/01\/01\/perlavia-pico-planton-santo-adriano\/\">Perlavia &#8211; Pico Plant\u00f3n &#8211; Santo Adriano<\/a><time datetime=\"2004-01-01T06:00:39+01:00\" class=\"wp-block-latest-posts__post-date\">1 de enero 2004<\/time><\/li>\n<li><a class=\"wp-block-latest-posts__post-title\" href=\"https:\/\/lacuruxa.org\/index.php\/2004\/01\/25\/san-martin-de-luina-branaseca-cuetu-la-ricorva-malleza\/\">San Mart\u00edn de Lui\u00f1a &#8211; Bra\u00f1aseca &#8211; Cuetu La Ricorva &#8211; Malleza<\/a><time datetime=\"2004-01-25T06:00:01+01:00\" class=\"wp-block-latest-posts__post-date\">25 de enero 2004<\/time><\/li>\n<li><a class=\"wp-block-latest-posts__post-title\" href=\"https:\/\/lacuruxa.org\/index.php\/2004\/02\/08\/senda-del-conde-coalla\/\">Senda del Conde Coalla<\/a><time datetime=\"2004-02-08T06:00:29+01:00\" class=\"wp-block-latest-posts__post-date\">8 de febrero 2004<\/time><\/li>\n<li><a class=\"wp-block-latest-posts__post-title\" href=\"https:\/\/lacuruxa.org\/index.php\/2004\/02\/22\/la-colladona-sierra-traveseru-pelugano\/\">La Colladona &#8211; Sierra Traveseru &#8211; Pelugano<\/a><time datetime=\"2004-02-22T06:00:48+01:00\" class=\"wp-block-latest-posts__post-date\">22 de febrero 2004<\/time><\/li>\n<li><a class=\"wp-block-latest-posts__post-title\" href=\"https:\/\/lacuruxa.org\/index.php\/2004\/03\/13\/el-acebo-porley-sierra-de-santa-flor-antrago\/\">El Acebo &#8211; Porley &#8211; Sierra de Santa Flor &#8211; Antrago<\/a><time datetime=\"2004-03-13T06:00:52+01:00\" class=\"wp-block-latest-posts__post-date\">13 de marzo 2004<\/time><\/li>\n<li><a class=\"wp-block-latest-posts__post-title\" href=\"https:\/\/lacuruxa.org\/index.php\/2004\/03\/27\/a-maravio-pico-la-berza-la-bustariega\/\">Alto de Maravio &#8211; Pico La Berza &#8211; La Bustariega<\/a><time datetime=\"2004-03-27T06:00:20+01:00\" class=\"wp-block-latest-posts__post-date\">27 de marzo 2004<\/time><\/li>\n<li><a class=\"wp-block-latest-posts__post-title\" href=\"https:\/\/lacuruxa.org\/index.php\/2004\/04\/03\/piedrafita-pico-morgao-vegarada\/\">Piedrafita &#8211; Pico Morgao &#8211; Vegarada<\/a><time datetime=\"2004-04-03T06:00:45+02:00\" class=\"wp-block-latest-posts__post-date\">3 de abril 2004<\/time><\/li>\n<li><a class=\"wp-block-latest-posts__post-title\" href=\"https:\/\/lacuruxa.org\/index.php\/2004\/04\/17\/caldas-de-luna-pena-la-barragana-casares\/\">Caldas de Luna &#8211; Pe\u00f1a La Barragana &#8211; Casares<\/a><time datetime=\"2004-04-17T06:00:50+02:00\" class=\"wp-block-latest-posts__post-date\">17 de abril 2004<\/time><\/li>\n<li><a class=\"wp-block-latest-posts__post-title\" href=\"https:\/\/lacuruxa.org\/index.php\/2004\/05\/15\/collada-llomera-pico-carria-argolibio-vega-de-cien\/\">Collada Llomera &#8211; Pico Carri\u00e1 &#8211; Argolibio &#8211; Vega de Cien<\/a><time datetime=\"2004-05-15T06:00:42+02:00\" class=\"wp-block-latest-posts__post-date\">15 de mayo 2004<\/time><\/li>\n<li><a class=\"wp-block-latest-posts__post-title\" href=\"https:\/\/lacuruxa.org\/index.php\/2004\/05\/29\/fontun-pico-fontun-valporquero\/\">Font\u00fan &#8211; Pico Font\u00fan &#8211; Valporquero<\/a><time datetime=\"2004-05-29T06:00:46+02:00\" class=\"wp-block-latest-posts__post-date\">29 de mayo 2004<\/time><\/li>\n<li><a class=\"wp-block-latest-posts__post-title\" href=\"https:\/\/lacuruxa.org\/index.php\/2004\/06\/12\/lago-ercina-vega-de-ario-canal-de-trea\/\">Lago Ercina &#8211; Vega de Ario &#8211; Canal de Trea<\/a><time datetime=\"2004-06-12T06:00:28+02:00\" class=\"wp-block-latest-posts__post-date\">12 de junio 2004<\/time><\/li>\n<li><a class=\"wp-block-latest-posts__post-title\" href=\"https:\/\/lacuruxa.org\/index.php\/2004\/06\/26\/salardu-lago-san-maurici-esport\/\">Salard\u00fa &#8211; Lago San Maurici &#8211; Esport<\/a><time datetime=\"2004-06-26T06:00:24+02:00\" class=\"wp-block-latest-posts__post-date\">26 de junio 2004<\/time><\/li>\n<li><a class=\"wp-block-latest-posts__post-title\" href=\"https:\/\/lacuruxa.org\/index.php\/2004\/06\/27\/boi-aiguestortes-lago-redo\/\">Boi &#8211; Aig\u00fcestortes &#8211; Lago Redo<\/a><time datetime=\"2004-06-27T06:00:07+02:00\" class=\"wp-block-latest-posts__post-date\">27 de junio 2004<\/time><\/li>\n<li><a class=\"wp-block-latest-posts__post-title\" href=\"https:\/\/lacuruxa.org\/index.php\/2004\/06\/28\/salardu-caldes-de-bio\/\">Salard\u00fa &#8211; Caldes de Bio<\/a><time datetime=\"2004-06-28T06:00:08+02:00\" class=\"wp-block-latest-posts__post-date\">28 de junio 2004<\/time><\/li>\n<li><a class=\"wp-block-latest-posts__post-title\" href=\"https:\/\/lacuruxa.org\/index.php\/2004\/07\/10\/teon-canal-de-severin-olla-de-san-vicente\/\">Te\u00f3n &#8211; Canal de Sever\u00edn &#8211; Olla de San Vicente<\/a><time datetime=\"2004-07-10T06:00:25+02:00\" class=\"wp-block-latest-posts__post-date\">10 de julio 2004<\/time><\/li>\n<li><a class=\"wp-block-latest-posts__post-title\" href=\"https:\/\/lacuruxa.org\/index.php\/2004\/07\/17\/senda-costera-viavelez-tapia-de-casariego\/\">Senda costera Viavelez &#8211; Tapia de Casariego<\/a><time datetime=\"2004-07-17T06:00:40+02:00\" class=\"wp-block-latest-posts__post-date\">17 de julio 2004<\/time><\/li>\n<li><a class=\"wp-block-latest-posts__post-title\" href=\"https:\/\/lacuruxa.org\/index.php\/2004\/07\/18\/busdongo-pena-laza-rodiezmo\/\">Busdongo &#8211; Pe\u00f1a Laza &#8211; Rodiezmo<\/a><time datetime=\"2004-07-18T06:00:55+02:00\" class=\"wp-block-latest-posts__post-date\">18 de julio 2004<\/time><\/li>\n<li><a class=\"wp-block-latest-posts__post-title\" href=\"https:\/\/lacuruxa.org\/index.php\/2004\/09\/04\/castanedo-pico-gargalois-valdedo\/\">Castanedo &#8211; Pico Gargalois &#8211; Valdedo<\/a><time datetime=\"2004-09-04T06:00:02+02:00\" class=\"wp-block-latest-posts__post-date\">4 de septiembre 2004<\/time><\/li>\n<li><a class=\"wp-block-latest-posts__post-title\" href=\"https:\/\/lacuruxa.org\/index.php\/2004\/09\/25\/tresviso-sierra-de-cocon-san-esteban-de-cunaba\/\">Tresviso &#8211; Sierra de Coc\u00f3n &#8211; San Esteban de Cu\u00f1aba<\/a><time datetime=\"2004-09-25T06:00:23+02:00\" class=\"wp-block-latest-posts__post-date\">25 de septiembre 2004<\/time><\/li>\n<li><a class=\"wp-block-latest-posts__post-title\" href=\"https:\/\/lacuruxa.org\/index.php\/2004\/10\/09\/puerto-de-las-mujeres-muertas-pico-tuntun-vega-el-horreo\/\">Puerto de las Mujeres Muertas &#8211; Pico Tunt\u00fan &#8211; Vega El H\u00f3rreo<\/a><time datetime=\"2004-10-09T06:00:08+02:00\" class=\"wp-block-latest-posts__post-date\">9 de octubre 2004<\/time><\/li>\n<li><a class=\"wp-block-latest-posts__post-title\" href=\"https:\/\/lacuruxa.org\/index.php\/2004\/10\/10\/berducedo-debramon-grandas-de-salime\/\">Berducedo &#8211; Debram\u00f3n &#8211; Grandas de Salime<\/a><time datetime=\"2004-10-10T06:00:07+02:00\" class=\"wp-block-latest-posts__post-date\">10 de octubre 2004<\/time><\/li>\n<li><a class=\"wp-block-latest-posts__post-title\" href=\"https:\/\/lacuruxa.org\/index.php\/2004\/10\/11\/alto-santana-brana-la-vina-vegalagar\/\">Alto Santana &#8211; Bra\u00f1a La Vi\u00f1a &#8211; Vegalagar<\/a><time datetime=\"2004-10-11T06:00:07+02:00\" class=\"wp-block-latest-posts__post-date\">11 de octubre 2004<\/time><\/li>\n<li><a class=\"wp-block-latest-posts__post-title\" href=\"https:\/\/lacuruxa.org\/index.php\/2004\/11\/06\/via-romana-de-la-carisa-pendilla-boo\/\">Via Romana de La Carisa &#8211; Pendilla &#8211; Boo<\/a><time datetime=\"2004-11-06T06:00:01+01:00\" class=\"wp-block-latest-posts__post-date\">6 de noviembre 2004<\/time><\/li>\n<li><a class=\"wp-block-latest-posts__post-title\" href=\"https:\/\/lacuruxa.org\/index.php\/2004\/11\/20\/felechosa-pena-la-forada-foces-del-llaimo-soto-agues\/\">Felechosa &#8211; Pe\u00f1a La Forada &#8211; Foces del Llaimo &#8211; Soto Ag\u00fces<\/a><time datetime=\"2004-11-20T06:00:26+01:00\" class=\"wp-block-latest-posts__post-date\">20 de noviembre 2004<\/time><\/li>\n<li><a class=\"wp-block-latest-posts__post-title\" href=\"https:\/\/lacuruxa.org\/index.php\/2004\/12\/12\/belen-de-cumbres-senda-verde-la-camocha-pico-el-sol\/\">Bel\u00e9n de Cumbres: Senda verde La Camocha &#8211; Pico El sol<\/a><time datetime=\"2004-12-12T06:00:42+01:00\" class=\"wp-block-latest-posts__post-date\">12 de diciembre 2004<\/time><\/li>\n<\/ul>","protected":false},"excerpt":{"rendered":"","protected":false},"author":40,"featured_media":4835,"parent":0,"menu_order":0,"comment_status":"closed","ping_status":"closed","template":"template-fullwidth.php","meta":{"ngg_post_thumbnail":0,"footnotes":""},"class_list":["post-6361","page","type-page","status-publish","has-post-thumbnail","czr-hentry"],"_links":{"self":[{"href":"https:\/\/lacuruxa.org\/index.php\/wp-json\/wp\/v2\/pages\/6361","targetHints":{"allow":["GET"]}}],"collection":[{"href":"https:\/\/lacuruxa.org\/index.php\/wp-json\/wp\/v2\/pages"}],"about":[{"href":"https:\/\/lacuruxa.org\/index.php\/wp-json\/wp\/v2\/types\/page"}],"author":[{"embeddable":true,"href":"https:\/\/lacuruxa.org\/index.php\/wp-json\/wp\/v2\/users\/40"}],"replies":[{"embeddable":true,"href":"https:\/\/lacuruxa.org\/index.php\/wp-json\/wp\/v2\/comments?post=6361"}],"version-history":[{"count":2,"href":"https:\/\/lacuruxa.org\/index.php\/wp-json\/wp\/v2\/pages\/6361\/revisions"}],"predecessor-version":[{"id":6429,"href":"https:\/\/lacuruxa.org\/index.php\/wp-json\/wp\/v2\/pages\/6361\/revisions\/6429"}],"wp:featuredmedia":[{"embeddable":true,"href":"https:\/\/lacuruxa.org\/index.php\/wp-json\/wp\/v2\/media\/4835"}],"wp:attachment":[{"href":"https:\/\/lacuruxa.org\/index.php\/wp-json\/wp\/v2\/media?parent=6361"}],"curies":[{"name":"wp","href":"https:\/\/api.w.org\/{rel}","templated":true}]}}