{"id":6359,"date":"2020-05-09T16:37:02","date_gmt":"2020-05-09T14:37:02","guid":{"rendered":"https:\/\/lacuruxa.org\/?page_id=6359"},"modified":"2021-02-12T21:23:45","modified_gmt":"2021-02-12T20:23:45","slug":"las-rutas-de-2005","status":"publish","type":"page","link":"https:\/\/lacuruxa.org\/index.php\/las-rutas-de-2005\/","title":{"rendered":"Las rutas de 2005"},"content":{"rendered":"\n<div class=\"wp-block-image\"><figure class=\"aligncenter size-full is-resized\"><img loading=\"lazy\" decoding=\"async\" src=\"https:\/\/lacuruxa.org\/wp-content\/uploads\/2018\/01\/20050101-lacuruxa-portada-libro.jpg\" alt=\"\" class=\"wp-image-4836\" width=\"531\" height=\"768\" srcset=\"https:\/\/lacuruxa.org\/wp-content\/uploads\/2018\/01\/20050101-lacuruxa-portada-libro.jpg 708w, https:\/\/lacuruxa.org\/wp-content\/uploads\/2018\/01\/20050101-lacuruxa-portada-libro-207x300.jpg 207w\" sizes=\"auto, (max-width: 531px) 100vw, 531px\" \/><\/figure><\/div>\n\n\n<ul class=\"wp-block-latest-posts__list is-grid columns-3 has-dates wp-block-latest-posts\"><li><a class=\"wp-block-latest-posts__post-title\" href=\"https:\/\/lacuruxa.org\/index.php\/2005\/01\/09\/caleao-pena-riegos-soto-de-agues\/\">Caleao &#8211; Pe\u00f1a Riegos &#8211; Soto de Agues<\/a><time datetime=\"2005-01-09T06:00:29+01:00\" class=\"wp-block-latest-posts__post-date\">9 de enero 2005<\/time><\/li>\n<li><a class=\"wp-block-latest-posts__post-title\" href=\"https:\/\/lacuruxa.org\/index.php\/2005\/01\/23\/alto-la-llama-pico-maladin-alto-la-llama\/\">Alto La Llama &#8211; Pico Malad\u00edn &#8211; Alto La Llama<\/a><time datetime=\"2005-01-23T06:00:40+01:00\" class=\"wp-block-latest-posts__post-date\">23 de enero 2005<\/time><\/li>\n<li><a class=\"wp-block-latest-posts__post-title\" href=\"https:\/\/lacuruxa.org\/index.php\/2005\/02\/06\/melendreros-puerto-triguero-faya-los-lobos\/\">Melendreros &#8211; Puerto Triguero &#8211; Faya los Lobos<\/a><time datetime=\"2005-02-06T06:00:57+01:00\" class=\"wp-block-latest-posts__post-date\">6 de febrero 2005<\/time><\/li>\n<li><a class=\"wp-block-latest-posts__post-title\" href=\"https:\/\/lacuruxa.org\/index.php\/2005\/02\/20\/inguanzo-foces-de-burdio-pico-coronas-arenas\/\">Inguanzo &#8211; Foces de Burdio &#8211; Pico Coronas &#8211; Arenas<\/a><time datetime=\"2005-02-20T06:00:39+01:00\" class=\"wp-block-latest-posts__post-date\">20 de febrero 2005<\/time><\/li>\n<li><a class=\"wp-block-latest-posts__post-title\" href=\"https:\/\/lacuruxa.org\/index.php\/2005\/03\/05\/la-cobertoria-pena-podre-pena-alba-salcedo\/\">La Cobertoria &#8211; Pe\u00f1a Podre &#8211; Pe\u00f1a Alba &#8211; Salcedo<\/a><time datetime=\"2005-03-05T06:00:36+01:00\" class=\"wp-block-latest-posts__post-date\">5 de marzo 2005<\/time><\/li>\n<li><a class=\"wp-block-latest-posts__post-title\" href=\"https:\/\/lacuruxa.org\/index.php\/2005\/03\/19\/102\/\">Cerezal\u00ed &#8211; Pico Pachangosa &#8211; Parrondo<\/a><time datetime=\"2005-03-19T06:00:44+01:00\" class=\"wp-block-latest-posts__post-date\">19 de marzo 2005<\/time><\/li>\n<li><a class=\"wp-block-latest-posts__post-title\" href=\"https:\/\/lacuruxa.org\/index.php\/2005\/04\/02\/branas-de-tuiza-pena-negra-saliencia\/\">Bra\u00f1as de Tuiza &#8211; Pe\u00f1a Negra &#8211; Saliencia<\/a><time datetime=\"2005-04-02T06:00:48+02:00\" class=\"wp-block-latest-posts__post-date\">2 de abril 2005<\/time><\/li>\n<li><a class=\"wp-block-latest-posts__post-title\" href=\"https:\/\/lacuruxa.org\/index.php\/2005\/04\/16\/alto-la-colladona-sierra-del-traveseru-pelugano\/\">Alto La Colladona &#8211; Sierra del Traveseru &#8211; Pel\u00fagano<\/a><time datetime=\"2005-04-16T06:00:16+02:00\" class=\"wp-block-latest-posts__post-date\">16 de abril 2005<\/time><\/li>\n<li><a class=\"wp-block-latest-posts__post-title\" href=\"https:\/\/lacuruxa.org\/index.php\/2005\/04\/30\/orle-pico-pelacera-collado-frieru-orle\/\">Orl\u00e9 &#8211; Pico Pelacera &#8211; Collado Frieru &#8211; Orl\u00e9<\/a><time datetime=\"2005-04-30T06:00:25+02:00\" class=\"wp-block-latest-posts__post-date\">30 de abril 2005<\/time><\/li>\n<li><a class=\"wp-block-latest-posts__post-title\" href=\"https:\/\/lacuruxa.org\/index.php\/2005\/05\/07\/piedrafita-collado-morgao-collado-la-marea-puerto-vegarada\/\">Piedrafita &#8211; Collado Morgao &#8211; Collado La Marea &#8211; Puerto Vegarada<\/a><time datetime=\"2005-05-07T06:00:20+02:00\" class=\"wp-block-latest-posts__post-date\">7 de mayo 2005<\/time><\/li>\n<li><a class=\"wp-block-latest-posts__post-title\" href=\"https:\/\/lacuruxa.org\/index.php\/2005\/05\/21\/puerto-de-leitariegos-laguna-de-arbas-pico-cuetu-arbas-branas-de-arriba\/\">Puerto de Leitariegos &#8211; Laguna de Arb\u00e1s &#8211; Pico Cuetu Arb\u00e1s &#8211; Bra\u00f1as de Arriba<\/a><time datetime=\"2005-05-21T06:00:55+02:00\" class=\"wp-block-latest-posts__post-date\">21 de mayo 2005<\/time><\/li>\n<li><a class=\"wp-block-latest-posts__post-title\" href=\"https:\/\/lacuruxa.org\/index.php\/2005\/06\/04\/sotres-aliva-pena-oviedo-mogrovejo\/\">Sotres &#8211; Aliva &#8211; Pe\u00f1a Oviedo &#8211; Mogrovejo<\/a><time datetime=\"2005-06-04T06:00:09+02:00\" class=\"wp-block-latest-posts__post-date\">4 de junio 2005<\/time><\/li>\n<li><a class=\"wp-block-latest-posts__post-title\" href=\"https:\/\/lacuruxa.org\/index.php\/2005\/06\/11\/san-esteban-pena-el-horru-valbona\/\">San Esteban &#8211; Pe\u00f1a El Horru &#8211; Valbona<\/a><time datetime=\"2005-06-11T06:00:01+02:00\" class=\"wp-block-latest-posts__post-date\">11 de junio 2005<\/time><\/li>\n<li><a class=\"wp-block-latest-posts__post-title\" href=\"https:\/\/lacuruxa.org\/index.php\/2005\/06\/25\/puerto-la-cubilla-pena-cerredos-tuiza\/\">Puerto La Cubilla &#8211; Pe\u00f1a Cerredos &#8211; Tuiza<\/a><time datetime=\"2005-06-25T06:00:30+02:00\" class=\"wp-block-latest-posts__post-date\">25 de junio 2005<\/time><\/li>\n<li><a class=\"wp-block-latest-posts__post-title\" href=\"https:\/\/lacuruxa.org\/index.php\/2005\/07\/06\/pesoz-sequeiros-argul-pesoz\/\">Pesoz &#8211; Sequeiros &#8211; Argul &#8211; Pesoz<\/a><time datetime=\"2005-07-06T06:00:31+02:00\" class=\"wp-block-latest-posts__post-date\">6 de julio 2005<\/time><\/li>\n<li><a class=\"wp-block-latest-posts__post-title\" href=\"https:\/\/lacuruxa.org\/index.php\/2005\/07\/09\/redipollos-collada-marana-redipollos\/\">Redipollos &#8211; Collada Mara\u00f1a &#8211; Redipollos<\/a><time datetime=\"2005-07-09T06:00:01+02:00\" class=\"wp-block-latest-posts__post-date\">9 de julio 2005<\/time><\/li>\n<li><a class=\"wp-block-latest-posts__post-title\" href=\"https:\/\/lacuruxa.org\/index.php\/2005\/09\/08\/hoces-del-rio-duraton\/\">Hoces del r\u00edo Durat\u00f3n<\/a><time datetime=\"2005-09-08T06:00:15+02:00\" class=\"wp-block-latest-posts__post-date\">8 de septiembre 2005<\/time><\/li>\n<li><a class=\"wp-block-latest-posts__post-title\" href=\"https:\/\/lacuruxa.org\/index.php\/2005\/09\/09\/penalara\/\">Pe\u00f1alara<\/a><time datetime=\"2005-09-09T00:00:46+02:00\" class=\"wp-block-latest-posts__post-date\">9 de septiembre 2005<\/time><\/li>\n<li><a class=\"wp-block-latest-posts__post-title\" href=\"https:\/\/lacuruxa.org\/index.php\/2005\/09\/10\/la-pedriza-del-manzanares\/\">La Pedriza del Manzanares<\/a><time datetime=\"2005-09-10T06:00:06+02:00\" class=\"wp-block-latest-posts__post-date\">10 de septiembre 2005<\/time><\/li>\n<li><a class=\"wp-block-latest-posts__post-title\" href=\"https:\/\/lacuruxa.org\/index.php\/2005\/09\/24\/jito-escarandi-pico-vigueras-san-esteban\/\">Jito Escarandi &#8211; Pico Vigueras &#8211; San Esteban<\/a><time datetime=\"2005-09-24T06:00:04+02:00\" class=\"wp-block-latest-posts__post-date\">24 de septiembre 2005<\/time><\/li>\n<li><a class=\"wp-block-latest-posts__post-title\" href=\"https:\/\/lacuruxa.org\/index.php\/2005\/10\/18\/puerto-de-las-senales-vega-pociellu-tarna\/\">Puerto de Las Se\u00f1ales &#8211; Vega Pociellu &#8211; Tarna<\/a><time datetime=\"2005-10-18T06:00:43+02:00\" class=\"wp-block-latest-posts__post-date\">18 de octubre 2005<\/time><\/li>\n<li><a class=\"wp-block-latest-posts__post-title\" href=\"https:\/\/lacuruxa.org\/index.php\/2005\/10\/22\/robledo-de-caldas-puerto-cirbanal-caldas-de-luna\/\">Robledo de Caldas &#8211; Puerto Cirban\u00e1l &#8211; Caldas de Luna<\/a><time datetime=\"2005-10-22T06:00:32+02:00\" class=\"wp-block-latest-posts__post-date\">22 de octubre 2005<\/time><\/li>\n<li><a class=\"wp-block-latest-posts__post-title\" href=\"https:\/\/lacuruxa.org\/index.php\/2005\/11\/11\/la-fragua-puerto-vizcares-degoes-riofabar\/\">La Fragua &#8211; Puerto Vizcares &#8211; Degoes &#8211; Riofabar<\/a><time datetime=\"2005-11-11T06:00:30+01:00\" class=\"wp-block-latest-posts__post-date\">11 de noviembre 2005<\/time><\/li>\n<li><a class=\"wp-block-latest-posts__post-title\" href=\"https:\/\/lacuruxa.org\/index.php\/2005\/11\/26\/collada-llomena-puerto-sen-de-los-mulos-puerto-aguera\/\">Collada Llomena &#8211; Puerto Sen de los Mulos &#8211; Puerto Ag\u00fcera<\/a><time datetime=\"2005-11-26T06:00:28+01:00\" class=\"wp-block-latest-posts__post-date\">26 de noviembre 2005<\/time><\/li>\n<li><a class=\"wp-block-latest-posts__post-title\" href=\"https:\/\/lacuruxa.org\/index.php\/2005\/12\/18\/belen-de-cumbres-miyares-pico-ordiyon-miyares\/\">Bel\u00e9n de cumbres: Miyares &#8211; Pico Ordiy\u00f3n &#8211; Miyares<\/a><time datetime=\"2005-12-18T06:00:38+01:00\" class=\"wp-block-latest-posts__post-date\">18 de diciembre 2005<\/time><\/li>\n<\/ul>","protected":false},"excerpt":{"rendered":"","protected":false},"author":40,"featured_media":4836,"parent":0,"menu_order":0,"comment_status":"closed","ping_status":"closed","template":"template-fullwidth.php","meta":{"ngg_post_thumbnail":0,"footnotes":""},"class_list":["post-6359","page","type-page","status-publish","has-post-thumbnail","czr-hentry"],"_links":{"self":[{"href":"https:\/\/lacuruxa.org\/index.php\/wp-json\/wp\/v2\/pages\/6359","targetHints":{"allow":["GET"]}}],"collection":[{"href":"https:\/\/lacuruxa.org\/index.php\/wp-json\/wp\/v2\/pages"}],"about":[{"href":"https:\/\/lacuruxa.org\/index.php\/wp-json\/wp\/v2\/types\/page"}],"author":[{"embeddable":true,"href":"https:\/\/lacuruxa.org\/index.php\/wp-json\/wp\/v2\/users\/40"}],"replies":[{"embeddable":true,"href":"https:\/\/lacuruxa.org\/index.php\/wp-json\/wp\/v2\/comments?post=6359"}],"version-history":[{"count":2,"href":"https:\/\/lacuruxa.org\/index.php\/wp-json\/wp\/v2\/pages\/6359\/revisions"}],"predecessor-version":[{"id":6428,"href":"https:\/\/lacuruxa.org\/index.php\/wp-json\/wp\/v2\/pages\/6359\/revisions\/6428"}],"wp:featuredmedia":[{"embeddable":true,"href":"https:\/\/lacuruxa.org\/index.php\/wp-json\/wp\/v2\/media\/4836"}],"wp:attachment":[{"href":"https:\/\/lacuruxa.org\/index.php\/wp-json\/wp\/v2\/media?parent=6359"}],"curies":[{"name":"wp","href":"https:\/\/api.w.org\/{rel}","templated":true}]}}