{"id":6357,"date":"2020-05-09T16:35:02","date_gmt":"2020-05-09T14:35:02","guid":{"rendered":"https:\/\/lacuruxa.org\/?page_id=6357"},"modified":"2021-02-12T21:23:45","modified_gmt":"2021-02-12T20:23:45","slug":"las-rutas-de-2006","status":"publish","type":"page","link":"https:\/\/lacuruxa.org\/index.php\/las-rutas-de-2006\/","title":{"rendered":"Las rutas de 2006"},"content":{"rendered":"\n<div class=\"wp-block-image\"><figure class=\"aligncenter size-full is-resized\"><img loading=\"lazy\" decoding=\"async\" src=\"https:\/\/lacuruxa.org\/wp-content\/uploads\/2018\/01\/20060101-lacuruxa-portada-libro.jpg\" alt=\"\" class=\"wp-image-4837\" width=\"530\" height=\"768\" srcset=\"https:\/\/lacuruxa.org\/wp-content\/uploads\/2018\/01\/20060101-lacuruxa-portada-libro.jpg 707w, https:\/\/lacuruxa.org\/wp-content\/uploads\/2018\/01\/20060101-lacuruxa-portada-libro-207x300.jpg 207w\" sizes=\"auto, (max-width: 530px) 100vw, 530px\" \/><\/figure><\/div>\n\n\n<ul class=\"wp-block-latest-posts__list is-grid columns-3 has-dates wp-block-latest-posts\"><li><a class=\"wp-block-latest-posts__post-title\" href=\"https:\/\/lacuruxa.org\/index.php\/2006\/01\/08\/coballes-pico-cantu-cumbral-ladines\/\">Coballes &#8211; Pico Cantu Cumbral &#8211; Ladines<\/a><time datetime=\"2006-01-08T06:00:02+01:00\" class=\"wp-block-latest-posts__post-date\">8 de enero 2006<\/time><\/li>\n<li><a class=\"wp-block-latest-posts__post-title\" href=\"https:\/\/lacuruxa.org\/index.php\/2006\/01\/22\/berones-pico-mua-foces-del-pendon-fuensanta\/\">Bero\u00f1es &#8211; Pico Mua &#8211; Foces del Pend\u00f3n &#8211; Fuensanta<\/a><time datetime=\"2006-01-22T06:00:57+01:00\" class=\"wp-block-latest-posts__post-date\">22 de enero 2006<\/time><\/li>\n<li><a class=\"wp-block-latest-posts__post-title\" href=\"https:\/\/lacuruxa.org\/index.php\/2006\/02\/05\/santa-ana-pena-sala-pico-lobio-maravio\/\">Santa Ana &#8211; Pe\u00f1a Sala &#8211; Pico Lobio &#8211; Maravio<\/a><time datetime=\"2006-02-05T06:00:55+01:00\" class=\"wp-block-latest-posts__post-date\">5 de febrero 2006<\/time><\/li>\n<li><a class=\"wp-block-latest-posts__post-title\" href=\"https:\/\/lacuruxa.org\/index.php\/2006\/02\/09\/santovena-pena-llabres-posada-de-llanes\/\">Santove\u00f1a &#8211; Pe\u00f1a Llabres &#8211; Posada de Llanes<\/a><time datetime=\"2006-02-09T06:00:23+01:00\" class=\"wp-block-latest-posts__post-date\">9 de febrero 2006<\/time><\/li>\n<li><a class=\"wp-block-latest-posts__post-title\" href=\"https:\/\/lacuruxa.org\/index.php\/2006\/03\/04\/pie-de-potro-pico-babu-el-bustacu-el-fitu\/\">Pie de Potro &#8211; Pico Babu &#8211; El Bustacu &#8211; El Fitu<\/a><time datetime=\"2006-03-04T06:00:25+01:00\" class=\"wp-block-latest-posts__post-date\">4 de marzo 2006<\/time><\/li>\n<li><a class=\"wp-block-latest-posts__post-title\" href=\"https:\/\/lacuruxa.org\/index.php\/2006\/03\/18\/tielve-tordin-pena-crimienda-cabrales\/\">Tielve &#8211; Tord\u00edn &#8211; Pe\u00f1a Crimienda &#8211; Cabrales<\/a><time datetime=\"2006-03-18T06:00:20+01:00\" class=\"wp-block-latest-posts__post-date\">18 de marzo 2006<\/time><\/li>\n<li><a class=\"wp-block-latest-posts__post-title\" href=\"https:\/\/lacuruxa.org\/index.php\/2006\/04\/08\/santiellos-pico-mulleiroso-recorba\/\">Santiellos &#8211; Pico Mulleiroso &#8211; Recorba<\/a><time datetime=\"2006-04-08T06:00:23+02:00\" class=\"wp-block-latest-posts__post-date\">8 de abril 2006<\/time><\/li>\n<li><a class=\"wp-block-latest-posts__post-title\" href=\"https:\/\/lacuruxa.org\/index.php\/2006\/04\/22\/alto-de-la-cobertoria-pico-carba-valseco-tuiza\/\">Alto de La Cobertoria &#8211; Pico Carba Valseco &#8211; Tuiza<\/a><time datetime=\"2006-04-22T06:00:14+02:00\" class=\"wp-block-latest-posts__post-date\">22 de abril 2006<\/time><\/li>\n<li><a class=\"wp-block-latest-posts__post-title\" href=\"https:\/\/lacuruxa.org\/index.php\/2006\/04\/30\/130\/\">Ruta del Cares<\/a><time datetime=\"2006-04-30T06:00:25+02:00\" class=\"wp-block-latest-posts__post-date\">30 de abril 2006<\/time><\/li>\n<li><a class=\"wp-block-latest-posts__post-title\" href=\"https:\/\/lacuruxa.org\/index.php\/2006\/05\/06\/caleao-pico-la-muezca-pico-la-tabierna-felechosa\/\">Caleao &#8211; Pico La Muezca &#8211; Pico La Tabierna &#8211; Felechosa<\/a><time datetime=\"2006-05-06T06:00:20+02:00\" class=\"wp-block-latest-posts__post-date\">6 de mayo 2006<\/time><\/li>\n<li><a class=\"wp-block-latest-posts__post-title\" href=\"https:\/\/lacuruxa.org\/index.php\/2006\/05\/20\/soto-de-sajambre-pico-la-conia-senda-del-arcediano-amieva\/\">Soto de Sajambre &#8211; Pico La Conia &#8211; Senda del Arcediano &#8211; Amieva<\/a><time datetime=\"2006-05-20T06:00:54+02:00\" class=\"wp-block-latest-posts__post-date\">20 de mayo 2006<\/time><\/li>\n<li><a class=\"wp-block-latest-posts__post-title\" href=\"https:\/\/lacuruxa.org\/index.php\/2006\/06\/03\/ferreras-de-arriba-pena-furada-pico-mazacote-ferreras-de-arriba\/\">Ferreras de Arriba &#8211; Pe\u00f1a Furada &#8211; Pico Mazacote &#8211; Ferreras de Arriba<\/a><time datetime=\"2006-06-03T06:00:12+02:00\" class=\"wp-block-latest-posts__post-date\">3 de junio 2006<\/time><\/li>\n<li><a class=\"wp-block-latest-posts__post-title\" href=\"https:\/\/lacuruxa.org\/index.php\/2006\/06\/17\/sellano-valle-moru-les-cuerries-sellano\/\">Sella\u00f1o &#8211; Valle Moru &#8211; Les Cuerries &#8211; Sella\u00f1o<\/a><time datetime=\"2006-06-17T06:00:09+02:00\" class=\"wp-block-latest-posts__post-date\">17 de junio 2006<\/time><\/li>\n<li><a class=\"wp-block-latest-posts__post-title\" href=\"https:\/\/lacuruxa.org\/index.php\/2006\/06\/29\/valle-de-tena\/\">Valle de Tena<\/a><time datetime=\"2006-06-29T06:00:04+02:00\" class=\"wp-block-latest-posts__post-date\">29 de junio 2006<\/time><\/li>\n<li><a class=\"wp-block-latest-posts__post-title\" href=\"https:\/\/lacuruxa.org\/index.php\/2006\/06\/30\/parque-de-posets\/\">Parque de Posets<\/a><time datetime=\"2006-06-30T06:00:28+02:00\" class=\"wp-block-latest-posts__post-date\">30 de junio 2006<\/time><\/li>\n<li><a class=\"wp-block-latest-posts__post-title\" href=\"https:\/\/lacuruxa.org\/index.php\/2006\/07\/01\/maladeta\/\">Maladeta<\/a><time datetime=\"2006-07-01T06:00:06+02:00\" class=\"wp-block-latest-posts__post-date\">1 de julio 2006<\/time><\/li>\n<li><a class=\"wp-block-latest-posts__post-title\" href=\"https:\/\/lacuruxa.org\/index.php\/2006\/07\/15\/jito-escarandi-pico-samelar-bejes\/\">Jito Escarandi &#8211; Pico Samelar &#8211; Bejes<\/a><time datetime=\"2006-07-15T06:00:04+02:00\" class=\"wp-block-latest-posts__post-date\">15 de julio 2006<\/time><\/li>\n<li><a class=\"wp-block-latest-posts__post-title\" href=\"https:\/\/lacuruxa.org\/index.php\/2006\/07\/22\/alto-campoo-collado-fuente-chivo-pico-tres-mares-alto-campoo\/\">Alto Campoo &#8211; Collado Fuente Chivo &#8211; Pico Tres Mares &#8211; Alto Campoo<\/a><time datetime=\"2006-07-22T06:00:25+02:00\" class=\"wp-block-latest-posts__post-date\">22 de julio 2006<\/time><\/li>\n<li><a class=\"wp-block-latest-posts__post-title\" href=\"https:\/\/lacuruxa.org\/index.php\/2006\/09\/08\/puerto-de-san-glorio-pico-coriscao-puerto-de-san-glorio-llanaves-de-la-reina\/\">Puerto de San Glorio &#8211; Pico Coriscao &#8211; Puerto de San Glorio &#8211; Llanaves de la Reina<\/a><time datetime=\"2006-09-08T06:00:31+02:00\" class=\"wp-block-latest-posts__post-date\">8 de septiembre 2006<\/time><\/li>\n<li><a class=\"wp-block-latest-posts__post-title\" href=\"https:\/\/lacuruxa.org\/index.php\/2006\/09\/09\/vidrieros-callejo-grande-pico-curavacas-vidrieros\/\">Vidrieros &#8211; Callejo Grande &#8211; Pico Curavacas &#8211; Vidrieros<\/a><time datetime=\"2006-09-09T06:00:37+02:00\" class=\"wp-block-latest-posts__post-date\">9 de septiembre 2006<\/time><\/li>\n<li><a class=\"wp-block-latest-posts__post-title\" href=\"https:\/\/lacuruxa.org\/index.php\/2006\/09\/23\/pico-de-las-mujeres-muertas-collado-marco-pico-busbeiron-santalla\/\">Pico de las Mujeres Muertas &#8211; Collado Marco &#8211; Pico Busbeir\u00f3n &#8211; Santalla<\/a><time datetime=\"2006-09-23T06:00:44+02:00\" class=\"wp-block-latest-posts__post-date\">23 de septiembre 2006<\/time><\/li>\n<li><a class=\"wp-block-latest-posts__post-title\" href=\"https:\/\/lacuruxa.org\/index.php\/2006\/10\/07\/pendones-pico-soanciu-foz-escalada-taranes\/\">Pendones &#8211; Pico Soanciu &#8211; Foz Escalada &#8211; Taranes<\/a><time datetime=\"2006-10-07T06:00:38+02:00\" class=\"wp-block-latest-posts__post-date\">7 de octubre 2006<\/time><\/li>\n<li><a class=\"wp-block-latest-posts__post-title\" href=\"https:\/\/lacuruxa.org\/index.php\/2006\/10\/21\/el-fielato-pico-nogales-el-gumial-cuevas\/\">El Fielato &#8211; Pico Nogales &#8211; El Gumial &#8211; Cuevas<\/a><time datetime=\"2006-10-21T06:00:09+02:00\" class=\"wp-block-latest-posts__post-date\">21 de octubre 2006<\/time><\/li>\n<li><a class=\"wp-block-latest-posts__post-title\" href=\"https:\/\/lacuruxa.org\/index.php\/2006\/11\/04\/villaviciosa-vinon-pena-cabrera-villaviciosa\/\">Villaviciosa &#8211; Vi\u00f1\u00f3n &#8211; Pe\u00f1a Cabrera &#8211; Villaviciosa<\/a><time datetime=\"2006-11-04T06:00:58+01:00\" class=\"wp-block-latest-posts__post-date\">4 de noviembre 2006<\/time><\/li>\n<li><a class=\"wp-block-latest-posts__post-title\" href=\"https:\/\/lacuruxa.org\/index.php\/2006\/11\/18\/villapara-pico-la-mostayal-les-xanes-villanueva\/\">Villapara &#8211; Pico La Mostayal &#8211; Les Xanes &#8211; Villanueva<\/a><time datetime=\"2006-11-18T06:00:18+01:00\" class=\"wp-block-latest-posts__post-date\">18 de noviembre 2006<\/time><\/li>\n<li><a class=\"wp-block-latest-posts__post-title\" href=\"https:\/\/lacuruxa.org\/index.php\/2006\/12\/17\/pesquerin-pico-torre-belen-de-cumbres\/\">Pesquer\u00edn &#8211; Pico Torre (Bel\u00e9n de cumbres)<\/a><time datetime=\"2006-12-17T06:00:25+01:00\" class=\"wp-block-latest-posts__post-date\">17 de diciembre 2006<\/time><\/li>\n<\/ul>","protected":false},"excerpt":{"rendered":"","protected":false},"author":40,"featured_media":4837,"parent":0,"menu_order":0,"comment_status":"closed","ping_status":"closed","template":"template-fullwidth.php","meta":{"ngg_post_thumbnail":0,"footnotes":""},"class_list":["post-6357","page","type-page","status-publish","has-post-thumbnail","czr-hentry"],"_links":{"self":[{"href":"https:\/\/lacuruxa.org\/index.php\/wp-json\/wp\/v2\/pages\/6357","targetHints":{"allow":["GET"]}}],"collection":[{"href":"https:\/\/lacuruxa.org\/index.php\/wp-json\/wp\/v2\/pages"}],"about":[{"href":"https:\/\/lacuruxa.org\/index.php\/wp-json\/wp\/v2\/types\/page"}],"author":[{"embeddable":true,"href":"https:\/\/lacuruxa.org\/index.php\/wp-json\/wp\/v2\/users\/40"}],"replies":[{"embeddable":true,"href":"https:\/\/lacuruxa.org\/index.php\/wp-json\/wp\/v2\/comments?post=6357"}],"version-history":[{"count":2,"href":"https:\/\/lacuruxa.org\/index.php\/wp-json\/wp\/v2\/pages\/6357\/revisions"}],"predecessor-version":[{"id":6427,"href":"https:\/\/lacuruxa.org\/index.php\/wp-json\/wp\/v2\/pages\/6357\/revisions\/6427"}],"wp:featuredmedia":[{"embeddable":true,"href":"https:\/\/lacuruxa.org\/index.php\/wp-json\/wp\/v2\/media\/4837"}],"wp:attachment":[{"href":"https:\/\/lacuruxa.org\/index.php\/wp-json\/wp\/v2\/media?parent=6357"}],"curies":[{"name":"wp","href":"https:\/\/api.w.org\/{rel}","templated":true}]}}