{"id":6354,"date":"2020-05-09T16:33:03","date_gmt":"2020-05-09T14:33:03","guid":{"rendered":"https:\/\/lacuruxa.org\/?page_id=6354"},"modified":"2021-02-12T21:23:45","modified_gmt":"2021-02-12T20:23:45","slug":"las-rutas-de-2007","status":"publish","type":"page","link":"https:\/\/lacuruxa.org\/index.php\/las-rutas-de-2007\/","title":{"rendered":"Las rutas de 2007"},"content":{"rendered":"\n<div class=\"wp-block-image\"><figure class=\"aligncenter size-large is-resized\"><img loading=\"lazy\" decoding=\"async\" src=\"https:\/\/lacuruxa.org\/wp-content\/uploads\/2020\/05\/20070101-lacuruxa-portada-libro-696x1024.jpg\" alt=\"\" class=\"wp-image-6328\" width=\"522\" height=\"768\" srcset=\"https:\/\/lacuruxa.org\/wp-content\/uploads\/2020\/05\/20070101-lacuruxa-portada-libro-696x1024.jpg 696w, https:\/\/lacuruxa.org\/wp-content\/uploads\/2020\/05\/20070101-lacuruxa-portada-libro-204x300.jpg 204w, https:\/\/lacuruxa.org\/wp-content\/uploads\/2020\/05\/20070101-lacuruxa-portada-libro-768x1129.jpg 768w, https:\/\/lacuruxa.org\/wp-content\/uploads\/2020\/05\/20070101-lacuruxa-portada-libro.jpg 816w\" sizes=\"auto, (max-width: 522px) 100vw, 522px\" \/><\/figure><\/div>\n\n\n<ul class=\"wp-block-latest-posts__list is-grid columns-3 has-dates wp-block-latest-posts\"><li><a class=\"wp-block-latest-posts__post-title\" href=\"https:\/\/lacuruxa.org\/index.php\/2007\/01\/14\/cirienu-pena-sina-beyu-de-pen-santillan\/\">Cirie\u00f1u &#8211; Pe\u00f1a Si\u00f1a &#8211; Beyu de Pen &#8211; Santill\u00e1n<\/a><time datetime=\"2007-01-14T06:30:13+01:00\" class=\"wp-block-latest-posts__post-date\">14 de enero 2007<\/time><\/li>\n<li><a class=\"wp-block-latest-posts__post-title\" href=\"https:\/\/lacuruxa.org\/index.php\/2007\/01\/28\/santovena-pena-llabres-posada-de-llanes-2\/\">Santove\u00f1a &#8211; Pe\u00f1a Llabres &#8211; Posada de Llanes<\/a><time datetime=\"2007-01-28T06:00:28+01:00\" class=\"wp-block-latest-posts__post-date\">28 de enero 2007<\/time><\/li>\n<li><a class=\"wp-block-latest-posts__post-title\" href=\"https:\/\/lacuruxa.org\/index.php\/2007\/02\/11\/collada-moandi-pico-mota-cetin-sellano\/\">Collada Moandi &#8211; Pico Mota Cet\u00edn &#8211; Sella\u00f1o<\/a><time datetime=\"2007-02-11T06:00:38+01:00\" class=\"wp-block-latest-posts__post-date\">11 de febrero 2007<\/time><\/li>\n<li><a class=\"wp-block-latest-posts__post-title\" href=\"https:\/\/lacuruxa.org\/index.php\/2007\/02\/25\/soto-de-agues-pico-guanalon-soto-de-lorio\/\">Soto de Agues &#8211; Pico Guanalon &#8211; Soto de Lorio<\/a><time datetime=\"2007-02-25T06:00:36+01:00\" class=\"wp-block-latest-posts__post-date\">25 de febrero 2007<\/time><\/li>\n<li><a class=\"wp-block-latest-posts__post-title\" href=\"https:\/\/lacuruxa.org\/index.php\/2007\/03\/10\/coto-la-pola-collada-ceos-collada-cuartos-entrepenes\/\">Coto La Pola &#8211; Collada Ceos &#8211; Collada Cuartos &#8211; Entrepe\u00f1es<\/a><time datetime=\"2007-03-10T06:00:16+01:00\" class=\"wp-block-latest-posts__post-date\">10 de marzo 2007<\/time><\/li>\n<li><a class=\"wp-block-latest-posts__post-title\" href=\"https:\/\/lacuruxa.org\/index.php\/2007\/03\/24\/orle-pico-la-senda-coto-anciu-bezanes\/\">Orle &#8211; Pico La Senda &#8211; Coto Anciu &#8211; Bezanes<\/a><time datetime=\"2007-03-24T06:00:54+01:00\" class=\"wp-block-latest-posts__post-date\">24 de marzo 2007<\/time><\/li>\n<li><a class=\"wp-block-latest-posts__post-title\" href=\"https:\/\/lacuruxa.org\/index.php\/2007\/04\/14\/pandiello-pena-blanca-asiego-carrena\/\">Pandiello &#8211; Pe\u00f1a Blanca &#8211; Asiego &#8211; Carre\u00f1a<\/a><time datetime=\"2007-04-14T06:00:02+02:00\" class=\"wp-block-latest-posts__post-date\">14 de abril 2007<\/time><\/li>\n<li><a class=\"wp-block-latest-posts__post-title\" href=\"https:\/\/lacuruxa.org\/index.php\/2007\/04\/21\/carrea-vega-adentro-pico-la-siella-arrojo\/\">Carrea &#8211; Vega Adentro &#8211; Pico La Siella &#8211; Arrojo<\/a><time datetime=\"2007-04-21T06:00:04+02:00\" class=\"wp-block-latest-posts__post-date\">21 de abril 2007<\/time><\/li>\n<li><a class=\"wp-block-latest-posts__post-title\" href=\"https:\/\/lacuruxa.org\/index.php\/2007\/04\/28\/viaje-a-granada\/\">Viaje a Granada<\/a><time datetime=\"2007-04-28T06:00:35+02:00\" class=\"wp-block-latest-posts__post-date\">28 de abril 2007<\/time><\/li>\n<li><a class=\"wp-block-latest-posts__post-title\" href=\"https:\/\/lacuruxa.org\/index.php\/2007\/05\/12\/jito-escarante-cueto-cerralosa-urdon\/\">Jito Escarante &#8211; Cueto Cerralosa &#8211; Urd\u00f3n<\/a><time datetime=\"2007-05-12T06:30:47+02:00\" class=\"wp-block-latest-posts__post-date\">12 de mayo 2007<\/time><\/li>\n<li><a class=\"wp-block-latest-posts__post-title\" href=\"https:\/\/lacuruxa.org\/index.php\/2007\/05\/26\/torrebarrio-pico-la-cigacha-puerto-agueria-tuiza\/\">Torrebarrio &#8211; Pico La Cigacha &#8211; Puerto Agueria &#8211; Tuiza<\/a><time datetime=\"2007-05-26T06:00:16+02:00\" class=\"wp-block-latest-posts__post-date\">26 de mayo 2007<\/time><\/li>\n<li><a class=\"wp-block-latest-posts__post-title\" href=\"https:\/\/lacuruxa.org\/index.php\/2007\/06\/09\/lago-ercina-pico-jascal-la-molina-ortiguero\/\">Lago Ercina &#8211; Pico Jascal &#8211; La Molina &#8211; Ortiguero<\/a><time datetime=\"2007-06-09T06:00:44+02:00\" class=\"wp-block-latest-posts__post-date\">9 de junio 2007<\/time><\/li>\n<li><a class=\"wp-block-latest-posts__post-title\" href=\"https:\/\/lacuruxa.org\/index.php\/2007\/06\/16\/la-una-collado-las-arriondas-pico-pilenes-sobrefoz\/\">La U\u00f1a &#8211; Collado Las Arriondas &#8211; Pico Pile\u00f1es &#8211; Sobrefoz<\/a><time datetime=\"2007-06-16T06:00:36+02:00\" class=\"wp-block-latest-posts__post-date\">16 de junio 2007<\/time><\/li>\n<li><a class=\"wp-block-latest-posts__post-title\" href=\"https:\/\/lacuruxa.org\/index.php\/2007\/06\/23\/lindes-pena-rueda-collado-lingleo-ricabo-lindes-puertos-de-agueria-ricabo\/\">Lindes &#8211; Pe\u00f1a Rueda &#8211; Collado Lingleo &#8211; Ricabo &#8212; Lindes &#8211; Puertos de Agueria &#8211; Ricabo<\/a><time datetime=\"2007-06-23T06:30:58+02:00\" class=\"wp-block-latest-posts__post-date\">23 de junio 2007<\/time><\/li>\n<li><a class=\"wp-block-latest-posts__post-title\" href=\"https:\/\/lacuruxa.org\/index.php\/2007\/07\/07\/jito-escarandi-pena-morra-collada-lechugales-sotres\/\">Jito Escarandi &#8211; Pe\u00f1a Morra &#8211; Collada Lechugales &#8211; Sotres<\/a><time datetime=\"2007-07-07T06:30:19+02:00\" class=\"wp-block-latest-posts__post-date\">7 de julio 2007<\/time><\/li>\n<li><a class=\"wp-block-latest-posts__post-title\" href=\"https:\/\/lacuruxa.org\/index.php\/2007\/07\/14\/puerto-vegarada-pico-faro-collada-la-muezca-canseco\/\">Puerto Vegarada &#8211; Pico Faro &#8211; Collada La Muezca &#8211; Canseco<\/a><time datetime=\"2007-07-14T06:30:29+02:00\" class=\"wp-block-latest-posts__post-date\">14 de julio 2007<\/time><\/li>\n<li><a class=\"wp-block-latest-posts__post-title\" href=\"https:\/\/lacuruxa.org\/index.php\/2007\/09\/01\/fuente-de-liordes-canal-de-pedabejo-posada-de-valdeon\/\">Fuente de liordes &#8211; Canal de Pedabejo &#8211; Posada de Valde\u00f3n<\/a><time datetime=\"2007-09-01T06:30:24+02:00\" class=\"wp-block-latest-posts__post-date\">1 de septiembre 2007<\/time><\/li>\n<li><a class=\"wp-block-latest-posts__post-title\" href=\"https:\/\/lacuruxa.org\/index.php\/2007\/09\/15\/la-cueta-pena-chana-brana-sousas-coto-buenamadre\/\">La Cueta &#8211; Pe\u00f1a Chana &#8211; Bra\u00f1a Sousas &#8211; Coto Buenamadre<\/a><time datetime=\"2007-09-15T06:30:07+02:00\" class=\"wp-block-latest-posts__post-date\">15 de septiembre 2007<\/time><\/li>\n<li><a class=\"wp-block-latest-posts__post-title\" href=\"https:\/\/lacuruxa.org\/index.php\/2007\/09\/22\/puerto-san-isidro-pico-torres-laguna-caballuna-caleao\/\">Puerto San Isidro &#8211; Pico Torres &#8211; Laguna Caballuna &#8211; Caleao<\/a><time datetime=\"2007-09-22T06:00:54+02:00\" class=\"wp-block-latest-posts__post-date\">22 de septiembre 2007<\/time><\/li>\n<li><a class=\"wp-block-latest-posts__post-title\" href=\"https:\/\/lacuruxa.org\/index.php\/2007\/10\/06\/villafeliz-foz-de-la-cadiella-los-pontones\/\">Villafeliz &#8211; Foz de la Cadiella &#8211; Los Pontones<\/a><time datetime=\"2007-10-06T06:30:06+02:00\" class=\"wp-block-latest-posts__post-date\">6 de octubre 2007<\/time><\/li>\n<li><a class=\"wp-block-latest-posts__post-title\" href=\"https:\/\/lacuruxa.org\/index.php\/2007\/10\/20\/la-fragua-pico-vizcares-cureno-riofabar\/\">La Fragua &#8211; Pico Vizcares &#8211; Cure\u00f1o &#8211; Riofabar<\/a><time datetime=\"2007-10-20T06:30:57+02:00\" class=\"wp-block-latest-posts__post-date\">20 de octubre 2007<\/time><\/li>\n<li><a class=\"wp-block-latest-posts__post-title\" href=\"https:\/\/lacuruxa.org\/index.php\/2007\/10\/27\/puerto-del-palo-pico-cazarnoso-besullo\/\">Puerto del Palo &#8211; Pico Cazarnoso &#8211; Besullo<\/a><time datetime=\"2007-10-27T06:30:58+02:00\" class=\"wp-block-latest-posts__post-date\">27 de octubre 2007<\/time><\/li>\n<li><a class=\"wp-block-latest-posts__post-title\" href=\"https:\/\/lacuruxa.org\/index.php\/2007\/11\/10\/collada-llomera-puerto-sen-de-los-mulos-puente-aguera\/\">Collada Llomera &#8211; Puerto Sen de los mulos &#8211; Puente Ag\u00fcera<\/a><time datetime=\"2007-11-10T06:30:08+01:00\" class=\"wp-block-latest-posts__post-date\">10 de noviembre 2007<\/time><\/li>\n<li><a class=\"wp-block-latest-posts__post-title\" href=\"https:\/\/lacuruxa.org\/index.php\/2007\/11\/24\/caleao-pico-cabeza-de-arco-valle-de-xulio-caleao\/\">Caleao &#8211; Pico Cabeza de Arco &#8211; Valle de Xuli\u00f3 &#8211; Caleao<\/a><time datetime=\"2007-11-24T06:30:32+01:00\" class=\"wp-block-latest-posts__post-date\">24 de noviembre 2007<\/time><\/li>\n<li><a class=\"wp-block-latest-posts__post-title\" href=\"https:\/\/lacuruxa.org\/index.php\/2007\/12\/16\/pico-cruz-de-priena-covadonga-belen-de-cumbres\/\">Pico Cruz de Priena &#8211; Covadonga (Belen de cumbres)<\/a><time datetime=\"2007-12-16T06:30:35+01:00\" class=\"wp-block-latest-posts__post-date\">16 de diciembre 2007<\/time><\/li>\n<\/ul>","protected":false},"excerpt":{"rendered":"","protected":false},"author":40,"featured_media":6328,"parent":0,"menu_order":0,"comment_status":"closed","ping_status":"closed","template":"template-fullwidth.php","meta":{"ngg_post_thumbnail":0,"footnotes":""},"class_list":["post-6354","page","type-page","status-publish","has-post-thumbnail","czr-hentry"],"_links":{"self":[{"href":"https:\/\/lacuruxa.org\/index.php\/wp-json\/wp\/v2\/pages\/6354","targetHints":{"allow":["GET"]}}],"collection":[{"href":"https:\/\/lacuruxa.org\/index.php\/wp-json\/wp\/v2\/pages"}],"about":[{"href":"https:\/\/lacuruxa.org\/index.php\/wp-json\/wp\/v2\/types\/page"}],"author":[{"embeddable":true,"href":"https:\/\/lacuruxa.org\/index.php\/wp-json\/wp\/v2\/users\/40"}],"replies":[{"embeddable":true,"href":"https:\/\/lacuruxa.org\/index.php\/wp-json\/wp\/v2\/comments?post=6354"}],"version-history":[{"count":3,"href":"https:\/\/lacuruxa.org\/index.php\/wp-json\/wp\/v2\/pages\/6354\/revisions"}],"predecessor-version":[{"id":6425,"href":"https:\/\/lacuruxa.org\/index.php\/wp-json\/wp\/v2\/pages\/6354\/revisions\/6425"}],"wp:featuredmedia":[{"embeddable":true,"href":"https:\/\/lacuruxa.org\/index.php\/wp-json\/wp\/v2\/media\/6328"}],"wp:attachment":[{"href":"https:\/\/lacuruxa.org\/index.php\/wp-json\/wp\/v2\/media?parent=6354"}],"curies":[{"name":"wp","href":"https:\/\/api.w.org\/{rel}","templated":true}]}}