{"id":6348,"date":"2020-05-09T16:28:49","date_gmt":"2020-05-09T14:28:49","guid":{"rendered":"https:\/\/lacuruxa.org\/?page_id=6348"},"modified":"2021-02-12T21:23:45","modified_gmt":"2021-02-12T20:23:45","slug":"las-rutas-de-2010","status":"publish","type":"page","link":"https:\/\/lacuruxa.org\/index.php\/las-rutas-de-2010\/","title":{"rendered":"Las rutas de 2010"},"content":{"rendered":"\n<div class=\"wp-block-image\"><figure class=\"aligncenter size-full is-resized\"><img loading=\"lazy\" decoding=\"async\" src=\"https:\/\/lacuruxa.org\/wp-content\/uploads\/2018\/01\/20100101-lacuruxa-portada-libro.jpg\" alt=\"\" class=\"wp-image-4840\" width=\"534\" height=\"768\" srcset=\"https:\/\/lacuruxa.org\/wp-content\/uploads\/2018\/01\/20100101-lacuruxa-portada-libro.jpg 712w, https:\/\/lacuruxa.org\/wp-content\/uploads\/2018\/01\/20100101-lacuruxa-portada-libro-209x300.jpg 209w\" sizes=\"auto, (max-width: 534px) 100vw, 534px\" \/><\/figure><\/div>\n\n\n<ul class=\"wp-block-latest-posts__list is-grid columns-3 has-dates wp-block-latest-posts\"><li><a class=\"wp-block-latest-posts__post-title\" href=\"https:\/\/lacuruxa.org\/index.php\/2010\/01\/10\/cavandi-pico-el-paisano-noriega\/\">Cavandi &#8212; Pico El Paisano &#8212; Noriega<\/a><time datetime=\"2010-01-10T07:00:05+01:00\" class=\"wp-block-latest-posts__post-date\">10 de enero 2010<\/time><\/li>\n<li><a class=\"wp-block-latest-posts__post-title\" href=\"https:\/\/lacuruxa.org\/index.php\/2010\/01\/24\/igena-pico-monfrechu-santianes\/\">Igena &#8212; Pico Monfrechu &#8212; Santianes<\/a><time datetime=\"2010-01-24T07:00:41+01:00\" class=\"wp-block-latest-posts__post-date\">24 de enero 2010<\/time><\/li>\n<li><a class=\"wp-block-latest-posts__post-title\" href=\"https:\/\/lacuruxa.org\/index.php\/2010\/02\/07\/ceneya-pico-canillin-puente-vidosa\/\">Ceneya &#8212; Pico Canill\u00edn &#8212; Puente Vidosa<\/a><time datetime=\"2010-02-07T07:00:30+01:00\" class=\"wp-block-latest-posts__post-date\">7 de febrero 2010<\/time><\/li>\n<li><a class=\"wp-block-latest-posts__post-title\" href=\"https:\/\/lacuruxa.org\/index.php\/2010\/02\/21\/alto-maravio-pico-caldoveiro-las-ventas\/\">Alto Maravio &#8212; Pico Caldoveiro &#8212; Las Ventas<\/a><time datetime=\"2010-02-21T07:00:06+01:00\" class=\"wp-block-latest-posts__post-date\">21 de febrero 2010<\/time><\/li>\n<li><a class=\"wp-block-latest-posts__post-title\" href=\"https:\/\/lacuruxa.org\/index.php\/2010\/03\/06\/collada-moandi-pico-cunio-sellano\/\">Collada Moandi &#8212; Pico Cunio &#8212; Sella\u00f1o<\/a><time datetime=\"2010-03-06T07:00:26+01:00\" class=\"wp-block-latest-posts__post-date\">6 de marzo 2010<\/time><\/li>\n<li><a class=\"wp-block-latest-posts__post-title\" href=\"https:\/\/lacuruxa.org\/index.php\/2010\/03\/20\/estilleiro-pico-caunedo-belmonte-de-miranda\/\">Estilleiro &#8212; Pico Caunedo &#8212; Belmonte de miranda<\/a><time datetime=\"2010-03-20T07:00:21+01:00\" class=\"wp-block-latest-posts__post-date\">20 de marzo 2010<\/time><\/li>\n<li><a class=\"wp-block-latest-posts__post-title\" href=\"https:\/\/lacuruxa.org\/index.php\/2010\/04\/10\/lago-enol-pico-porra-de-enol-majada-de-los-lagos\/\">Lago Enol &#8212; Pico Porra de Enol &#8212; Majada de los Lagos<\/a><time datetime=\"2010-04-10T07:00:41+02:00\" class=\"wp-block-latest-posts__post-date\">10 de abril 2010<\/time><\/li>\n<li><a class=\"wp-block-latest-posts__post-title\" href=\"https:\/\/lacuruxa.org\/index.php\/2010\/04\/24\/collada-llomena-pico-pierzu-cieno\/\">Collada Llomena &#8212; Pico Pierzu &#8212; Cie\u00f1o<\/a><time datetime=\"2010-04-24T07:00:44+02:00\" class=\"wp-block-latest-posts__post-date\">24 de abril 2010<\/time><\/li>\n<li><a class=\"wp-block-latest-posts__post-title\" href=\"https:\/\/lacuruxa.org\/index.php\/2010\/05\/08\/sotres-pena-main-tielve-poncebos\/\">Sotres &#8212; Pe\u00f1a Main &#8212; Tielve &#8212; Poncebos<\/a><time datetime=\"2010-05-08T07:00:25+02:00\" class=\"wp-block-latest-posts__post-date\">8 de mayo 2010<\/time><\/li>\n<li><a class=\"wp-block-latest-posts__post-title\" href=\"https:\/\/lacuruxa.org\/index.php\/2010\/05\/22\/torrestio-pico-las-piedras-paramo\/\">Torrestio &#8212; Pico Las Piedras &#8212; P\u00e1ramo<\/a><time datetime=\"2010-05-22T07:00:06+02:00\" class=\"wp-block-latest-posts__post-date\">22 de mayo 2010<\/time><\/li>\n<li><a class=\"wp-block-latest-posts__post-title\" href=\"https:\/\/lacuruxa.org\/index.php\/2010\/06\/05\/puerto-pajares-pico-el-negron-puerto-la-cubilla\/\">Puerto Pajares &#8212; Pico El Negr\u00f3n &#8212; Puerto La Cubilla<\/a><time datetime=\"2010-06-05T07:00:28+02:00\" class=\"wp-block-latest-posts__post-date\">5 de junio 2010<\/time><\/li>\n<li><a class=\"wp-block-latest-posts__post-title\" href=\"https:\/\/lacuruxa.org\/index.php\/2010\/06\/18\/caboalles-de-arriba-pico-las-barrosas-branas-de-arriba\/\">Caboalles de Arriba &#8212; Pico Las Barrosas &#8212; Bra\u00f1as de Arriba<\/a><time datetime=\"2010-06-18T07:00:08+02:00\" class=\"wp-block-latest-posts__post-date\">18 de junio 2010<\/time><\/li>\n<li><a class=\"wp-block-latest-posts__post-title\" href=\"https:\/\/lacuruxa.org\/index.php\/2010\/06\/26\/valle-de-ordesa-gradas-de-soaso-refugio-de-goriz-faja-pelay\/\">Valle de Ordesa &#8212; Gradas de Soaso &#8212; Refugio de G\u00f3riz &#8212; Faja Pelay<\/a><time datetime=\"2010-06-26T07:00:48+02:00\" class=\"wp-block-latest-posts__post-date\">26 de junio 2010<\/time><\/li>\n<li><a class=\"wp-block-latest-posts__post-title\" href=\"https:\/\/lacuruxa.org\/index.php\/2010\/06\/27\/puente-de-san-urbez-fon-blanca-canon-de-anisclo\/\">Puente de San Urbez &#8212; Fon Blanca (Ca\u00f1\u00f3n de A\u00f1isclo)<\/a><time datetime=\"2010-06-27T07:00:51+02:00\" class=\"wp-block-latest-posts__post-date\">27 de junio 2010<\/time><\/li>\n<li><a class=\"wp-block-latest-posts__post-title\" href=\"https:\/\/lacuruxa.org\/index.php\/2010\/06\/28\/valle-de-pineta-balcon-de-pineta-lago-marbore\/\">Valle de Pineta &#8212; Balc\u00f3n de Pineta &#8212; Lago Marbore<\/a><time datetime=\"2010-06-28T07:00:53+02:00\" class=\"wp-block-latest-posts__post-date\">28 de junio 2010<\/time><\/li>\n<li><a class=\"wp-block-latest-posts__post-title\" href=\"https:\/\/lacuruxa.org\/index.php\/2010\/07\/10\/fuente-de-collada-bonita-sotres\/\">Fuente De &#8212; Collada Bonita &#8212; Sotres<\/a><time datetime=\"2010-07-10T07:00:09+02:00\" class=\"wp-block-latest-posts__post-date\">10 de julio 2010<\/time><\/li>\n<li><a class=\"wp-block-latest-posts__post-title\" href=\"https:\/\/lacuruxa.org\/index.php\/2010\/07\/17\/tuiza-de-arriba-los-fontanes-casa-mieres\/\">Tuiza de Arriba &#8212; Los Fontanes &#8212; Casa Mieres<\/a><time datetime=\"2010-07-17T07:00:16+02:00\" class=\"wp-block-latest-posts__post-date\">17 de julio 2010<\/time><\/li>\n<li><a class=\"wp-block-latest-posts__post-title\" href=\"https:\/\/lacuruxa.org\/index.php\/2010\/08\/28\/saja-pico-caorra-tudanca\/\">Saja &#8212; Pico Caorra &#8212; Tudanca<\/a><time datetime=\"2010-08-28T07:00:06+02:00\" class=\"wp-block-latest-posts__post-date\">28 de agosto 2010<\/time><\/li>\n<li><a class=\"wp-block-latest-posts__post-title\" href=\"https:\/\/lacuruxa.org\/index.php\/2010\/09\/04\/412\/\">Torrestio &#8212; Puerto San Lorenzo (Calzada Romana de la Mesa)<\/a><time datetime=\"2010-09-04T07:00:59+02:00\" class=\"wp-block-latest-posts__post-date\">4 de septiembre 2010<\/time><\/li>\n<li><a class=\"wp-block-latest-posts__post-title\" href=\"https:\/\/lacuruxa.org\/index.php\/2010\/09\/18\/puerto-san-lorenzo-belmonte-calzada-romana-de-la-mesa\/\">Puerto San Lorenzo &#8212; Belmonte  (Calzada Romana de la Mesa)<\/a><time datetime=\"2010-09-18T07:00:35+02:00\" class=\"wp-block-latest-posts__post-date\">18 de septiembre 2010<\/time><\/li>\n<li><a class=\"wp-block-latest-posts__post-title\" href=\"https:\/\/lacuruxa.org\/index.php\/2010\/10\/02\/439\/\">Genestoso &#8212; Pico Cogollu &#8212; La Pornacal &#8212; Villar de Vildas<\/a><time datetime=\"2010-10-02T07:00:18+02:00\" class=\"wp-block-latest-posts__post-date\">2 de octubre 2010<\/time><\/li>\n<li><a class=\"wp-block-latest-posts__post-title\" href=\"https:\/\/lacuruxa.org\/index.php\/2010\/10\/09\/chano-pico-texo-mular-trascastro\/\">Chano &#8212; Pico Texo Mular &#8212; Trascastro<\/a><time datetime=\"2010-10-09T07:00:56+02:00\" class=\"wp-block-latest-posts__post-date\">9 de octubre 2010<\/time><\/li>\n<li><a class=\"wp-block-latest-posts__post-title\" href=\"https:\/\/lacuruxa.org\/index.php\/2010\/10\/10\/chano-pico-el-botete-el-castro-de-chano\/\">Chano &#8212; Pico El Botete &#8212; El Castro de Chano<\/a><time datetime=\"2010-10-10T07:00:48+02:00\" class=\"wp-block-latest-posts__post-date\">10 de octubre 2010<\/time><\/li>\n<li><a class=\"wp-block-latest-posts__post-title\" href=\"https:\/\/lacuruxa.org\/index.php\/2010\/10\/30\/santa-maria-del-puerto-pico-cornon-lumajo-2\/\">Santa Mar\u00eda del Puerto &#8212; Pico Corn\u00f3n &#8212; Lumajo<\/a><time datetime=\"2010-10-30T07:00:38+02:00\" class=\"wp-block-latest-posts__post-date\">30 de octubre 2010<\/time><\/li>\n<li><a class=\"wp-block-latest-posts__post-title\" href=\"https:\/\/lacuruxa.org\/index.php\/2010\/11\/13\/soto-de-caso-pico-requexon-de-valdunes-la-foz\/\">Soto de Caso &#8212; Pico Requex\u00f3n de Valdunes &#8212; La Foz<\/a><time datetime=\"2010-11-13T07:00:54+01:00\" class=\"wp-block-latest-posts__post-date\">13 de noviembre 2010<\/time><\/li>\n<li><a class=\"wp-block-latest-posts__post-title\" href=\"https:\/\/lacuruxa.org\/index.php\/2010\/11\/27\/sotres-pena-oviedo-mogrovejo\/\">Sotres &#8212; Pe\u00f1a Oviedo &#8212; Mogrovejo<\/a><time datetime=\"2010-11-27T07:00:15+01:00\" class=\"wp-block-latest-posts__post-date\">27 de noviembre 2010<\/time><\/li>\n<li><a class=\"wp-block-latest-posts__post-title\" href=\"https:\/\/lacuruxa.org\/index.php\/2010\/12\/12\/puerto-aralla-pico-cerro-pedroso-geras-belen-de-cumbres\/\">Puerto Aralla &#8212; Pico Cerro Pedroso &#8212; Geras (Bel\u00e9n de cumbres)<\/a><time datetime=\"2010-12-12T07:00:59+01:00\" class=\"wp-block-latest-posts__post-date\">12 de diciembre 2010<\/time><\/li>\n<\/ul>","protected":false},"excerpt":{"rendered":"","protected":false},"author":40,"featured_media":4840,"parent":0,"menu_order":0,"comment_status":"closed","ping_status":"closed","template":"template-fullwidth.php","meta":{"ngg_post_thumbnail":0,"footnotes":""},"class_list":["post-6348","page","type-page","status-publish","has-post-thumbnail","czr-hentry"],"_links":{"self":[{"href":"https:\/\/lacuruxa.org\/index.php\/wp-json\/wp\/v2\/pages\/6348","targetHints":{"allow":["GET"]}}],"collection":[{"href":"https:\/\/lacuruxa.org\/index.php\/wp-json\/wp\/v2\/pages"}],"about":[{"href":"https:\/\/lacuruxa.org\/index.php\/wp-json\/wp\/v2\/types\/page"}],"author":[{"embeddable":true,"href":"https:\/\/lacuruxa.org\/index.php\/wp-json\/wp\/v2\/users\/40"}],"replies":[{"embeddable":true,"href":"https:\/\/lacuruxa.org\/index.php\/wp-json\/wp\/v2\/comments?post=6348"}],"version-history":[{"count":2,"href":"https:\/\/lacuruxa.org\/index.php\/wp-json\/wp\/v2\/pages\/6348\/revisions"}],"predecessor-version":[{"id":6418,"href":"https:\/\/lacuruxa.org\/index.php\/wp-json\/wp\/v2\/pages\/6348\/revisions\/6418"}],"wp:featuredmedia":[{"embeddable":true,"href":"https:\/\/lacuruxa.org\/index.php\/wp-json\/wp\/v2\/media\/4840"}],"wp:attachment":[{"href":"https:\/\/lacuruxa.org\/index.php\/wp-json\/wp\/v2\/media?parent=6348"}],"curies":[{"name":"wp","href":"https:\/\/api.w.org\/{rel}","templated":true}]}}