{"id":4592,"date":"2017-12-23T16:36:09","date_gmt":"2017-12-23T15:36:09","guid":{"rendered":"https:\/\/www.lacuruxa.org\/?page_id=4592"},"modified":"2021-02-12T21:23:45","modified_gmt":"2021-02-12T20:23:45","slug":"las-rutas-de-2014","status":"publish","type":"page","link":"https:\/\/lacuruxa.org\/index.php\/las-rutas-de-2014\/","title":{"rendered":"Las rutas de 2014"},"content":{"rendered":"\n<div class=\"wp-block-image\"><figure class=\"aligncenter size-full\"><img loading=\"lazy\" decoding=\"async\" width=\"173\" height=\"250\" src=\"https:\/\/lacuruxa.org\/wp-content\/uploads\/2013\/12\/rutas_2014.png\" alt=\"20140101-lacuruxa-portada-\" class=\"wp-image-1478\"\/><\/figure><\/div>\n\n\n<ul class=\"wp-block-latest-posts__list is-grid columns-3 has-dates wp-block-latest-posts\"><li><a class=\"wp-block-latest-posts__post-title\" href=\"https:\/\/lacuruxa.org\/index.php\/2014\/01\/11\/mones-pico-palancas-ballota\/\">Mones &#8212; Pico Palancas &#8212; Ballota<\/a><time datetime=\"2014-01-11T09:00:27+01:00\" class=\"wp-block-latest-posts__post-date\">11 de enero 2014<\/time><\/li>\n<li><a class=\"wp-block-latest-posts__post-title\" href=\"https:\/\/lacuruxa.org\/index.php\/2014\/01\/25\/cofinal-foz-entrevados-valle-de-pinzon-cofinal\/\">Cofi\u00f1al &#8212; Foz Entrevados &#8212; Valle De Pinz\u00f3n &#8212; Cofi\u00f1al<\/a><time datetime=\"2014-01-25T09:00:54+01:00\" class=\"wp-block-latest-posts__post-date\">25 de enero 2014<\/time><\/li>\n<li><a class=\"wp-block-latest-posts__post-title\" href=\"https:\/\/lacuruxa.org\/index.php\/2014\/02\/08\/alto-la-cobertoria-pico-branavalera-zureda\/\">Alto La Cobertoria &#8212; Pico Bra\u00f1avalera &#8212; Zureda<\/a><time datetime=\"2014-02-08T09:00:24+01:00\" class=\"wp-block-latest-posts__post-date\">8 de febrero 2014<\/time><\/li>\n<li><a class=\"wp-block-latest-posts__post-title\" href=\"https:\/\/lacuruxa.org\/index.php\/2014\/02\/22\/el-pino-penas-pando-y-melera-puente-la-muneca\/\">El Pino &#8212; Pe\u00f1as Pando Y Melera &#8212; Puente La Mu\u00f1eca<\/a><time datetime=\"2014-02-22T09:00:42+01:00\" class=\"wp-block-latest-posts__post-date\">22 de febrero 2014<\/time><\/li>\n<li><a class=\"wp-block-latest-posts__post-title\" href=\"https:\/\/lacuruxa.org\/index.php\/2014\/03\/04\/canon-del-escanoiro\/\">Ca\u00f1\u00f3n Del Esca\u00f1oiro<\/a><time datetime=\"2014-03-04T09:00:50+01:00\" class=\"wp-block-latest-posts__post-date\">4 de marzo 2014<\/time><\/li>\n<li><a class=\"wp-block-latest-posts__post-title\" href=\"https:\/\/lacuruxa.org\/index.php\/2014\/03\/08\/pola-de-gordon-pico-cueto-san-mateo-vega-de-gordon\/\">Pola De Gord\u00f3n &#8212; Pico Cueto San Mateo &#8212; Vega De Gord\u00f3n<\/a><time datetime=\"2014-03-08T09:00:10+01:00\" class=\"wp-block-latest-posts__post-date\">8 de marzo 2014<\/time><\/li>\n<li><a class=\"wp-block-latest-posts__post-title\" href=\"https:\/\/lacuruxa.org\/index.php\/2014\/03\/22\/trescares-caraves-la-nava-arenas\/\">Trescares &#8212; Caraves &#8212; La Nava &#8212; Arenas<\/a><time datetime=\"2014-03-22T09:00:42+01:00\" class=\"wp-block-latest-posts__post-date\">22 de marzo 2014<\/time><\/li>\n<li><a class=\"wp-block-latest-posts__post-title\" href=\"https:\/\/lacuruxa.org\/index.php\/2014\/04\/12\/teon-fana-los-pallares-tornin\/\">Te\u00f3n &#8212; Fana &#8212; Los Pallares &#8212; Torn\u00edn<\/a><time datetime=\"2014-04-12T09:00:01+02:00\" class=\"wp-block-latest-posts__post-date\">12 de abril 2014<\/time><\/li>\n<li><a class=\"wp-block-latest-posts__post-title\" href=\"https:\/\/lacuruxa.org\/index.php\/2014\/04\/26\/covadonga-cruz-de-priena-comeya-lago-enol\/\">Covadonga &#8212; Cruz De Priena &#8212; Comeya &#8212; Lago Enol<\/a><time datetime=\"2014-04-26T09:00:29+02:00\" class=\"wp-block-latest-posts__post-date\">26 de abril 2014<\/time><\/li>\n<li><a class=\"wp-block-latest-posts__post-title\" href=\"https:\/\/lacuruxa.org\/index.php\/2014\/05\/01\/sierra-de-francia\/\">Sierra De Francia<\/a><time datetime=\"2014-05-01T09:00:59+02:00\" class=\"wp-block-latest-posts__post-date\">1 de mayo 2014<\/time><\/li>\n<li><a class=\"wp-block-latest-posts__post-title\" href=\"https:\/\/lacuruxa.org\/index.php\/2014\/05\/17\/lago-ercina-canal-de-culiembro-poncebos-3\/\">Lago Ercina &#8212; Canal De Culiembro &#8212; Poncebos<\/a><time datetime=\"2014-05-17T09:00:19+02:00\" class=\"wp-block-latest-posts__post-date\">17 de mayo 2014<\/time><\/li>\n<li><a class=\"wp-block-latest-posts__post-title\" href=\"https:\/\/lacuruxa.org\/index.php\/2014\/05\/31\/poncebos-bulnes-pandebano-sotres\/\">Poncebos &#8212; Bulnes &#8212; Pand\u00e9bano &#8212; Sotres<\/a><time datetime=\"2014-05-31T09:00:33+02:00\" class=\"wp-block-latest-posts__post-date\">31 de mayo 2014<\/time><\/li>\n<li><a class=\"wp-block-latest-posts__post-title\" href=\"https:\/\/lacuruxa.org\/index.php\/2014\/06\/14\/sotres-pena-oviedo-mogrovejo-tanarrio\/\">Sotres &#8212; Pe\u00f1a Oviedo &#8212; Mogrovejo &#8212; Tanarrio<\/a><time datetime=\"2014-06-14T09:00:35+02:00\" class=\"wp-block-latest-posts__post-date\">14 de junio 2014<\/time><\/li>\n<li><a class=\"wp-block-latest-posts__post-title\" href=\"https:\/\/lacuruxa.org\/index.php\/2014\/06\/28\/tanarrio-congarna-sto-toribio-de-liebana\/\">Tanarrio &#8212; Congarna &#8212; Sto. Toribio De Li\u00e9bana<\/a><time datetime=\"2014-06-28T09:00:44+02:00\" class=\"wp-block-latest-posts__post-date\">28 de junio 2014<\/time><\/li>\n<li><a class=\"wp-block-latest-posts__post-title\" href=\"https:\/\/lacuruxa.org\/index.php\/2014\/07\/12\/lago-la-ercina-vega-de-ario-p-jultayu-lago-la-ercina\/\">Lago La Ercina &#8212; Vega De Ario &#8212; P. Jultayu &#8212; Lago La Ercina<\/a><time datetime=\"2014-07-12T09:00:04+02:00\" class=\"wp-block-latest-posts__post-date\">12 de julio 2014<\/time><\/li>\n<li><a class=\"wp-block-latest-posts__post-title\" href=\"https:\/\/lacuruxa.org\/index.php\/2014\/07\/26\/senda-costera-puertas-de-vidiago-la-franca\/\">Senda Costera (Puertas de Vidiago &#8212; La Franca)<\/a><time datetime=\"2014-07-26T09:00:14+02:00\" class=\"wp-block-latest-posts__post-date\">26 de julio 2014<\/time><\/li>\n<li><a class=\"wp-block-latest-posts__post-title\" href=\"https:\/\/lacuruxa.org\/index.php\/2014\/09\/13\/pto-aralla-pico-feliciano-foz-los-calderones-piedrasecha\/\">Pto. Aralla &#8212; Pico Feliciano &#8212; Foz Los Calderones &#8212; Piedrasecha<\/a><time datetime=\"2014-09-13T09:00:46+02:00\" class=\"wp-block-latest-posts__post-date\">13 de septiembre 2014<\/time><\/li>\n<li><a class=\"wp-block-latest-posts__post-title\" href=\"https:\/\/lacuruxa.org\/index.php\/2014\/09\/27\/el-golobar-p-valdecebollas-fuente-del-cobre-sta-ma-de-redondo\/\">El Golobar &#8212; P. Valdecebollas &#8212; Fuente Del Cobre &#8212; Sta. M\u00aa. De Redondo<\/a><time datetime=\"2014-09-27T09:00:54+02:00\" class=\"wp-block-latest-posts__post-date\">27 de septiembre 2014<\/time><\/li>\n<li><a class=\"wp-block-latest-posts__post-title\" href=\"https:\/\/lacuruxa.org\/index.php\/2014\/09\/28\/villa-romana-de-la-olmeda\/\">Villa Romana De La Olmeda<\/a><time datetime=\"2014-09-28T09:00:10+02:00\" class=\"wp-block-latest-posts__post-date\">28 de septiembre 2014<\/time><\/li>\n<li><a class=\"wp-block-latest-posts__post-title\" href=\"https:\/\/lacuruxa.org\/index.php\/2014\/10\/11\/pte-los-fierros-llanos-de-someron-p-corullo-campomanes\/\">Pte. Los Fierros &#8212; Llanos De Somer\u00f3n &#8212; P. Corullo &#8212; Campomanes<\/a><time datetime=\"2014-10-11T09:00:45+02:00\" class=\"wp-block-latest-posts__post-date\">11 de octubre 2014<\/time><\/li>\n<li><a class=\"wp-block-latest-posts__post-title\" href=\"https:\/\/lacuruxa.org\/index.php\/2014\/10\/25\/branas-alleranas-del-retrinon\/\">Bra\u00f1as Alleranas Del Retri\u00f1\u00f3n<\/a><time datetime=\"2014-10-25T09:00:32+02:00\" class=\"wp-block-latest-posts__post-date\">25 de octubre 2014<\/time><\/li>\n<li><a class=\"wp-block-latest-posts__post-title\" href=\"https:\/\/lacuruxa.org\/index.php\/2014\/11\/08\/ruta-del-silencio-oscos\/\">Ruta Del Silencio (Oscos)<\/a><time datetime=\"2014-11-08T09:00:37+01:00\" class=\"wp-block-latest-posts__post-date\">8 de noviembre 2014<\/time><\/li>\n<li><a class=\"wp-block-latest-posts__post-title\" href=\"https:\/\/lacuruxa.org\/index.php\/2014\/11\/22\/la-felguerina-p-visu-la-grande-soto-de-caso\/\">La Felguerina &#8212; P. Visu La Grande &#8212; Soto De Caso<\/a><time datetime=\"2014-11-22T09:00:43+01:00\" class=\"wp-block-latest-posts__post-date\">22 de noviembre 2014<\/time><\/li>\n<li><a class=\"wp-block-latest-posts__post-title\" href=\"https:\/\/lacuruxa.org\/index.php\/2014\/12\/14\/coto-bello-pico-tejera-belen-de-cumbres\/\">Coto Bello &#8212; Pico Tejera  (Bel\u00e9n De Cumbres)<\/a><time datetime=\"2014-12-14T09:00:36+01:00\" class=\"wp-block-latest-posts__post-date\">14 de diciembre 2014<\/time><\/li>\n<\/ul>","protected":false},"excerpt":{"rendered":"","protected":false},"author":40,"featured_media":1478,"parent":0,"menu_order":0,"comment_status":"closed","ping_status":"closed","template":"template-fullwidth.php","meta":{"ngg_post_thumbnail":0,"footnotes":""},"class_list":["post-4592","page","type-page","status-publish","has-post-thumbnail","czr-hentry"],"_links":{"self":[{"href":"https:\/\/lacuruxa.org\/index.php\/wp-json\/wp\/v2\/pages\/4592","targetHints":{"allow":["GET"]}}],"collection":[{"href":"https:\/\/lacuruxa.org\/index.php\/wp-json\/wp\/v2\/pages"}],"about":[{"href":"https:\/\/lacuruxa.org\/index.php\/wp-json\/wp\/v2\/types\/page"}],"author":[{"embeddable":true,"href":"https:\/\/lacuruxa.org\/index.php\/wp-json\/wp\/v2\/users\/40"}],"replies":[{"embeddable":true,"href":"https:\/\/lacuruxa.org\/index.php\/wp-json\/wp\/v2\/comments?post=4592"}],"version-history":[{"count":5,"href":"https:\/\/lacuruxa.org\/index.php\/wp-json\/wp\/v2\/pages\/4592\/revisions"}],"predecessor-version":[{"id":6381,"href":"https:\/\/lacuruxa.org\/index.php\/wp-json\/wp\/v2\/pages\/4592\/revisions\/6381"}],"wp:featuredmedia":[{"embeddable":true,"href":"https:\/\/lacuruxa.org\/index.php\/wp-json\/wp\/v2\/media\/1478"}],"wp:attachment":[{"href":"https:\/\/lacuruxa.org\/index.php\/wp-json\/wp\/v2\/media?parent=4592"}],"curies":[{"name":"wp","href":"https:\/\/api.w.org\/{rel}","templated":true}]}}