{"id":253,"date":"2009-09-08T18:09:11","date_gmt":"2009-09-08T16:09:11","guid":{"rendered":"http:\/\/www.lacuruxa.org\/?page_id=253"},"modified":"2021-02-13T00:24:47","modified_gmt":"2021-02-12T23:24:47","slug":"contactar","status":"publish","type":"page","link":"https:\/\/lacuruxa.org\/index.php\/contactar\/","title":{"rendered":"Contactar"},"content":{"rendered":"\n<h2 class=\"has-vivid-red-color has-text-color wp-block-heading\">Local social y tel\u00e9fono<\/h2>\n\n\n\n<p>Puede contactar con nosotros en nuestro local, situado en la <strong>calle Magallanes 18, bajo<\/strong> los martes, mi\u00e9rcoles y jueves, de 18 a 20 horas, en el tel\u00e9fono <strong>693 301 532<\/strong> los mismos d\u00edas y horas o en los tel\u00e9fonos <strong>985 321 361<\/strong> y <strong>618 642 626<\/strong> todos los d\u00edas, a partir de las 21 horas.<\/p>\n\n\n\n<h2 class=\"has-vivid-red-color has-text-color wp-block-heading\">Direcci\u00f3n postal<\/h2>\n\n\n\n<p class=\"has-text-align-center\"><strong>Agrupaci\u00f3n Deportiva La Curuxa<\/strong><br>Calle Magallanes 18, bajo.<br>Apartado de correos 4062.<br>33213, Gij\u00f3n (Principado de Asturias).<br>Espa\u00f1a &#8211; Spain.<\/p>\n\n\n\n<figure><iframe loading=\"lazy\" src=\"http:\/\/maps.google.es\/maps?f=q&amp;source=s_q&amp;hl=es&amp;geocode=&amp;q=Calle+Magallanes+18,+bajo.+gij%C3%B3n,+asturias&amp;sll=40.396764,-3.713379&amp;sspn=8.882084,19.753418&amp;ie=UTF8&amp;ll=43.547677,-5.698299&amp;spn=0.008259,0.01929&amp;z=14&amp;iwloc=A&amp;output=embed\" marginwidth=\"0\" marginheight=\"0\" scrolling=\"no\" width=\"650\" height=\"500\" frameborder=\"0\"><\/iframe><\/figure>\n\n\n\n<h2 class=\"has-vivid-red-color has-text-color wp-block-heading\">Internet<\/h2>\n\n\n\n<p class=\"has-text-align-left\"><strong>[Internet]<\/strong> <a href=\"https:\/\/www.lacuruxa.org\">lacuruxa.org<\/a>.<br><strong>[e-mail]<\/strong> <a href=\"mailto:lacuruxa@lacuruxa.org\">lacuruxa@lacuruxa.org<\/a>.<br><strong>[twitter]<\/strong> <a href=\"https:\/\/twitter.com\/lacuruxa\">@lacuruxa<\/a>.<\/p>\n\n\n\n<h2 class=\"has-vivid-red-color has-text-color wp-block-heading\">Formulario de contacto<\/h2>\n\n\n\n<div class=\"wp-block-columns is-layout-flex wp-container-core-columns-is-layout-9d6595d7 wp-block-columns-is-layout-flex\">\n<div class=\"wp-block-column is-layout-flow wp-block-column-is-layout-flow\"><\/div>\n\n\n\n<div class=\"wp-block-column is-layout-flow wp-block-column-is-layout-flow\">\n<div class=\"wpcf7 no-js\" id=\"wpcf7-f846-o1\" lang=\"en-US\" dir=\"ltr\" data-wpcf7-id=\"846\">\n<div class=\"screen-reader-response\"><p role=\"status\" aria-live=\"polite\" aria-atomic=\"true\"><\/p> <ul><\/ul><\/div>\n<form action=\"\/index.php\/wp-json\/wp\/v2\/pages\/253#wpcf7-f846-o1\" method=\"post\" class=\"wpcf7-form init\" aria-label=\"Contact form\" novalidate=\"novalidate\" data-status=\"init\">\n<fieldset class=\"hidden-fields-container\"><input type=\"hidden\" name=\"_wpcf7\" value=\"846\" \/><input type=\"hidden\" name=\"_wpcf7_version\" value=\"6.1.5\" \/><input type=\"hidden\" name=\"_wpcf7_locale\" value=\"en_US\" \/><input type=\"hidden\" name=\"_wpcf7_unit_tag\" value=\"wpcf7-f846-o1\" \/><input type=\"hidden\" name=\"_wpcf7_container_post\" value=\"0\" \/><input type=\"hidden\" name=\"_wpcf7_posted_data_hash\" value=\"\" \/>\n<\/fieldset>\n<p><label> Tu nombre (requerido)<br \/>\n<span class=\"wpcf7-form-control-wrap\" data-name=\"your-name\"><input size=\"40\" maxlength=\"400\" class=\"wpcf7-form-control wpcf7-text wpcf7-validates-as-required\" aria-required=\"true\" aria-invalid=\"false\" value=\"\" type=\"text\" name=\"your-name\" \/><\/span> <\/label>\n<\/p>\n<p><label> Tu correo electr\u00f3nico (requerido)<br \/>\n<span class=\"wpcf7-form-control-wrap\" data-name=\"your-email\"><input size=\"40\" maxlength=\"400\" class=\"wpcf7-form-control wpcf7-email wpcf7-validates-as-required wpcf7-text wpcf7-validates-as-email\" aria-required=\"true\" aria-invalid=\"false\" value=\"\" type=\"email\" name=\"your-email\" \/><\/span> <\/label>\n<\/p>\n<p><label> Asunto<br \/>\n<span class=\"wpcf7-form-control-wrap\" data-name=\"your-subject\"><input size=\"40\" maxlength=\"400\" class=\"wpcf7-form-control wpcf7-text wpcf7-validates-as-required\" aria-required=\"true\" aria-invalid=\"false\" value=\"\" type=\"text\" name=\"your-subject\" \/><\/span> <\/label>\n<\/p>\n<p><label> Tu mensaje<br \/>\n<span class=\"wpcf7-form-control-wrap\" data-name=\"your-message\"><textarea cols=\"40\" rows=\"10\" maxlength=\"2000\" class=\"wpcf7-form-control wpcf7-textarea wpcf7-validates-as-required\" aria-required=\"true\" aria-invalid=\"false\" name=\"your-message\"><\/textarea><\/span> <\/label>\n<\/p>\n<p><span class=\"wpcf7-form-control-wrap\" data-name=\"aceptacion-formulario\"><span class=\"wpcf7-form-control wpcf7-acceptance\"><span class=\"wpcf7-list-item\"><label><input type=\"checkbox\" name=\"aceptacion-formulario\" value=\"1\" aria-invalid=\"false\" \/><span class=\"wpcf7-list-item-label\">Acepto la pol\u00edtica de privacidad<\/span><\/label><\/span><\/span><\/span>\n<\/p>\n<p>Introduce este c\u00f3digo: <input type=\"hidden\" name=\"_wpcf7_captcha_challenge_captcha-170\" value=\"3105086679\" \/><img loading=\"lazy\" decoding=\"async\" class=\"wpcf7-form-control wpcf7-captchac wpcf7-captcha-captcha-170\" width=\"72\" height=\"24\" alt=\"captcha\" src=\"https:\/\/lacuruxa.org\/wp-content\/uploads\/wpcf7_captcha\/3105086679.png\" \/><span class=\"wpcf7-form-control-wrap\" data-name=\"captcha-170\"><input size=\"4\" maxlength=\"4\" class=\"wpcf7-form-control wpcf7-captchar\" autocomplete=\"off\" aria-invalid=\"false\" value=\"\" type=\"text\" name=\"captcha-170\" \/><\/span>\n<\/p>\n<p><input class=\"wpcf7-form-control wpcf7-submit has-spinner\" type=\"submit\" value=\"Enviar\" \/>\n<\/p>\n<p><small><br \/>\n<b>Informaci\u00f3n b\u00e1sica sobre protecci\u00f3n de datos:<\/b><br \/>\n<b>Responsable:<\/b> Agrupaci\u00f3n Deportiva La Curuxa<br \/>\n<b>Finalidad:<\/b> Moderaci\u00f3n de comentarios<br \/>\n<b>Destinatarios:<\/b> No se ceder\u00e1n datos a terceros<br \/>\n<b>Derechos:<\/b> Tienes derecho de acceso, rectificaci\u00f3n y supresi\u00f3n<br \/>\n<\/small>\n<\/p><div class=\"wpcf7-response-output\" aria-hidden=\"true\"><\/div>\n<\/form>\n<\/div>\n\n<\/div>\n\n\n\n<div class=\"wp-block-column is-layout-flow wp-block-column-is-layout-flow\"><\/div>\n<\/div>\n","protected":false},"excerpt":{"rendered":"<p>Local social y tel\u00e9fono Puede contactar con nosotros en nuestro local, situado en la calle Magallanes 18, bajo los martes, mi\u00e9rcoles y jueves, de 18 a 20 horas, en el tel\u00e9fono 693 301 532 los mismos d\u00edas y horas o en los tel\u00e9fonos 985 321 361 y 618 642 626 todos los d\u00edas, a partir [&hellip;]<\/p>\n","protected":false},"author":40,"featured_media":7539,"parent":0,"menu_order":1,"comment_status":"closed","ping_status":"closed","template":"","meta":{"ngg_post_thumbnail":0,"footnotes":""},"class_list":["post-253","page","type-page","status-publish","has-post-thumbnail","czr-hentry"],"_links":{"self":[{"href":"https:\/\/lacuruxa.org\/index.php\/wp-json\/wp\/v2\/pages\/253","targetHints":{"allow":["GET"]}}],"collection":[{"href":"https:\/\/lacuruxa.org\/index.php\/wp-json\/wp\/v2\/pages"}],"about":[{"href":"https:\/\/lacuruxa.org\/index.php\/wp-json\/wp\/v2\/types\/page"}],"author":[{"embeddable":true,"href":"https:\/\/lacuruxa.org\/index.php\/wp-json\/wp\/v2\/users\/40"}],"replies":[{"embeddable":true,"href":"https:\/\/lacuruxa.org\/index.php\/wp-json\/wp\/v2\/comments?post=253"}],"version-history":[{"count":40,"href":"https:\/\/lacuruxa.org\/index.php\/wp-json\/wp\/v2\/pages\/253\/revisions"}],"predecessor-version":[{"id":7591,"href":"https:\/\/lacuruxa.org\/index.php\/wp-json\/wp\/v2\/pages\/253\/revisions\/7591"}],"wp:featuredmedia":[{"embeddable":true,"href":"https:\/\/lacuruxa.org\/index.php\/wp-json\/wp\/v2\/media\/7539"}],"wp:attachment":[{"href":"https:\/\/lacuruxa.org\/index.php\/wp-json\/wp\/v2\/media?parent=253"}],"curies":[{"name":"wp","href":"https:\/\/api.w.org\/{rel}","templated":true}]}}