{"id":14991,"date":"2026-02-13T10:30:06","date_gmt":"2026-02-13T09:30:06","guid":{"rendered":"https:\/\/lacuruxa.org\/?page_id=14991"},"modified":"2026-02-13T10:30:06","modified_gmt":"2026-02-13T09:30:06","slug":"aviso-legal","status":"publish","type":"page","link":"https:\/\/lacuruxa.org\/index.php\/aviso-legal\/","title":{"rendered":"Aviso legal"},"content":{"rendered":"\n<p>La presente p\u00e1gina Web ha sido dise\u00f1ada para dar a conocer las actividades realizadas por la Agrupaci\u00f3n Deportiva La Curuxa. Es por ello que en cumplimiento de lo exigido en la Ley 34\/2002 se le informa que la presente p\u00e1gina y su dominio pertenece a:<\/p>\n\n\n\n<p class=\"has-text-align-center\"><strong>Agrupaci\u00f3n Deportiva La Curuxa, con Domicilio Social en calle Magallanes 18 bajo, 33213, Gij\u00f3n, Asturias<\/strong>.<\/p>\n\n\n\n<p>Tiene una descripci\u00f3n completa del Tratamiento de datos por nuestra parte en este documento:<\/p>\n\n\n\n<h4 class=\"wp-block-heading\"><strong><a rel=\"noopener noreferrer\" href=\"\/wp-content\/uploads\/2018\/10\/La-Curuxa-Informacion-de-tratamiento-de-datos.pdf\" target=\"_blank\">Tratamiento de datos de caracter personal, por Agrupaci\u00f3n Deportiva La Curuxa<\/a><\/strong><\/h4>\n\n\n\n<p><\/p>\n","protected":false},"excerpt":{"rendered":"<p>La presente p\u00e1gina Web ha sido dise\u00f1ada para dar a conocer las actividades realizadas por la Agrupaci\u00f3n Deportiva La Curuxa. Es por ello que en cumplimiento de lo exigido en la Ley 34\/2002 se le informa que la presente p\u00e1gina y su dominio pertenece a: Agrupaci\u00f3n Deportiva La Curuxa, con Domicilio Social en calle Magallanes [&hellip;]<\/p>\n","protected":false},"author":40,"featured_media":7539,"parent":0,"menu_order":0,"comment_status":"closed","ping_status":"closed","template":"","meta":{"ngg_post_thumbnail":0,"footnotes":""},"class_list":["post-14991","page","type-page","status-publish","has-post-thumbnail","czr-hentry"],"_links":{"self":[{"href":"https:\/\/lacuruxa.org\/index.php\/wp-json\/wp\/v2\/pages\/14991","targetHints":{"allow":["GET"]}}],"collection":[{"href":"https:\/\/lacuruxa.org\/index.php\/wp-json\/wp\/v2\/pages"}],"about":[{"href":"https:\/\/lacuruxa.org\/index.php\/wp-json\/wp\/v2\/types\/page"}],"author":[{"embeddable":true,"href":"https:\/\/lacuruxa.org\/index.php\/wp-json\/wp\/v2\/users\/40"}],"replies":[{"embeddable":true,"href":"https:\/\/lacuruxa.org\/index.php\/wp-json\/wp\/v2\/comments?post=14991"}],"version-history":[{"count":1,"href":"https:\/\/lacuruxa.org\/index.php\/wp-json\/wp\/v2\/pages\/14991\/revisions"}],"predecessor-version":[{"id":14993,"href":"https:\/\/lacuruxa.org\/index.php\/wp-json\/wp\/v2\/pages\/14991\/revisions\/14993"}],"wp:featuredmedia":[{"embeddable":true,"href":"https:\/\/lacuruxa.org\/index.php\/wp-json\/wp\/v2\/media\/7539"}],"wp:attachment":[{"href":"https:\/\/lacuruxa.org\/index.php\/wp-json\/wp\/v2\/media?parent=14991"}],"curies":[{"name":"wp","href":"https:\/\/api.w.org\/{rel}","templated":true}]}}