{"id":10,"date":"2006-02-18T00:01:39","date_gmt":"2006-02-17T23:01:39","guid":{"rendered":"http:\/\/www.lacuruxa.org\/weblog\/?page_id=10"},"modified":"2021-02-12T22:22:16","modified_gmt":"2021-02-12T21:22:16","slug":"quienes-somos","status":"publish","type":"page","link":"https:\/\/lacuruxa.org\/index.php\/quienes-somos\/","title":{"rendered":"Quienes somos"},"content":{"rendered":"\n<p>La <strong><a href=\"http:\/\/www.lacuruxa.org\">Agrupaci\u00f3n Deportiva La Curuxa<\/a><\/strong>, surge en el a\u00f1o 1.987 en Gij\u00f3n, Asturias, aunando las inquietudes y los deseos de un peque\u00f1o grupo de personas que, semana tras semana, se pon\u00edan de acuerdo para realizar aquellas actividades deportivas y culturales que m\u00e1s les atra\u00edan. Fruto de aquella cooperaci\u00f3n, y movidos por un af\u00e1n de mejora, crearon una peque\u00f1a agrupaci\u00f3n que contaba, en sus inicios, \u00fanicamente con diecisiete socios.<\/p>\n\n\n\n<p>Poco a poco y con el paso de los a\u00f1os, la Agrupaci\u00f3n Deportiva La Curuxa ha ido ampliando su oferta en actividades y el n\u00famero de socios y simpatizantes ha crecido hasta las doscientas personas. Actualmente, las actividades que se realizan van desde las rutas de monta\u00f1a uno de cada dos fines de semana, a la realizaci\u00f3n de rutas fuera de nuestra comunidad aut\u00f3noma, una vez al a\u00f1o, cursillos de muy diversa \u00edndole (escalada, seguridad en la monta\u00f1a, etc&#8230;), belenes de cumbres, comidas sociales, mag\u00fcestos y un largo etc\u00e9tera.<\/p>\n\n\n\n<p>Desde septiembre de 2001 contamos con este, nuestro dominio en Internet y a trav\u00e9s de \u00e9l ofrecemos informaci\u00f3n completa de las actividades que realizamos y algunas de las \u00faltimas noticias de la Agrupaci\u00f3n.<\/p>\n\n\n\n<p>Tambi\u00e9n nos sirve para estar en contacto con nuestros socios y amigos, as\u00ed que, si lo desea ponerse en hacernos llegar cualquier tipo de sugerencia, cr\u00edtica, pregunta o comentario a la direcci\u00f3n <a href=\"mailto:lacuruxa@lacuruxa.org\">lacuruxa@lacuruxa.org<\/a>.<\/p>\n","protected":false},"excerpt":{"rendered":"<p>La Agrupaci\u00f3n Deportiva La Curuxa, surge en el a\u00f1o 1.987 en Gij\u00f3n, Asturias, aunando las inquietudes y los deseos de un peque\u00f1o grupo de personas que, semana tras semana, se pon\u00edan de acuerdo para realizar aquellas actividades deportivas y culturales que m\u00e1s les atra\u00edan. Fruto de aquella cooperaci\u00f3n, y movidos por un af\u00e1n de mejora, [&hellip;]<\/p>\n","protected":false},"author":40,"featured_media":7539,"parent":0,"menu_order":0,"comment_status":"closed","ping_status":"closed","template":"","meta":{"ngg_post_thumbnail":0,"footnotes":""},"class_list":["post-10","page","type-page","status-publish","has-post-thumbnail","czr-hentry"],"_links":{"self":[{"href":"https:\/\/lacuruxa.org\/index.php\/wp-json\/wp\/v2\/pages\/10","targetHints":{"allow":["GET"]}}],"collection":[{"href":"https:\/\/lacuruxa.org\/index.php\/wp-json\/wp\/v2\/pages"}],"about":[{"href":"https:\/\/lacuruxa.org\/index.php\/wp-json\/wp\/v2\/types\/page"}],"author":[{"embeddable":true,"href":"https:\/\/lacuruxa.org\/index.php\/wp-json\/wp\/v2\/users\/40"}],"replies":[{"embeddable":true,"href":"https:\/\/lacuruxa.org\/index.php\/wp-json\/wp\/v2\/comments?post=10"}],"version-history":[{"count":4,"href":"https:\/\/lacuruxa.org\/index.php\/wp-json\/wp\/v2\/pages\/10\/revisions"}],"predecessor-version":[{"id":7554,"href":"https:\/\/lacuruxa.org\/index.php\/wp-json\/wp\/v2\/pages\/10\/revisions\/7554"}],"wp:featuredmedia":[{"embeddable":true,"href":"https:\/\/lacuruxa.org\/index.php\/wp-json\/wp\/v2\/media\/7539"}],"wp:attachment":[{"href":"https:\/\/lacuruxa.org\/index.php\/wp-json\/wp\/v2\/media?parent=10"}],"curies":[{"name":"wp","href":"https:\/\/api.w.org\/{rel}","templated":true}]}}